{"id":59612,"date":"2021-06-16T00:07:22","date_gmt":"2021-06-16T00:07:22","guid":{"rendered":"https:\/\/www.laclj.org\/?page_id=59612"},"modified":"2021-06-16T19:29:11","modified_gmt":"2021-06-16T19:29:11","slug":"la2050","status":"publish","type":"page","link":"https:\/\/www.survivorjusticecenter.org\/es\/la2050\/","title":{"rendered":"LA2050"},"content":{"rendered":"<p><div class=\"fusion-fullwidth fullwidth-box fusion-builder-row-1 fusion-flex-container nonhundred-percent-fullwidth non-hundred-percent-height-scrolling\" style=\"background-color: rgba(255,255,255,0);background-position: center center;background-repeat: no-repeat;border-width: 0px 0px 0px 0px;border-color:#e2e2e2;border-style:solid;\" ><div class=\"fusion-builder-row fusion-row fusion-flex-align-items-center fusion-flex-justify-content-space-around\" style=\"max-width:1185.6px;margin-left: calc(-4% \/ 2 );margin-right: calc(-4% \/ 2 );\"><div class=\"fusion-layout-column fusion_builder_column fusion-builder-column-0 fusion_builder_column_1_1 1_1 fusion-flex-column\"><div class=\"fusion-column-wrapper fusion-flex-justify-content-space-between fusion-content-layout-row\" style=\"background-position:left top;background-repeat:no-repeat;-webkit-background-size:cover;-moz-background-size:cover;-o-background-size:cover;background-size:cover;padding: 0px 0px 0px 0px;\"><div ><span class=\"fusion-imageframe imageframe-none imageframe-1 hover-type-none\"><img decoding=\"async\" width=\"500\" height=\"500\" alt=\"Ayude a Survivor Justice Center a ganar $100k Vote del 21 al 28 de junio challenge.la2050.org\" title=\"100k (m\u00e1s peque\u00f1o)\" src=\"https:\/\/www.survivorjusticecenter.org\/wp-content\/uploads\/2021\/06\/100k-Smaller-1.gif\" class=\"img-responsive wp-image-59626\"\/><\/span><\/div><div class=\"fusion-separator\" style=\"align-self: center;margin-left: auto;margin-right: auto;width:100%;max-width:5px;\"><\/div><div ><span class=\"fusion-imageframe imageframe-none imageframe-2 hover-type-none\"><img decoding=\"async\" width=\"500\" height=\"500\" alt=\"Ayuda al Survivor Justice Center a ganar $100,000 Vota Junio 21-28\" title=\"100k espa\u00f1ol (m\u00e1s peque\u00f1o)\" src=\"https:\/\/www.survivorjusticecenter.org\/wp-content\/uploads\/2021\/06\/100k-Spanish-Smaller.gif\" class=\"img-responsive wp-image-59639\"\/><\/span><\/div><\/div><style type=\"text\/css\">.fusion-body .fusion-builder-column-0{width:100% !important;margin-top : 0px;margin-bottom : 20px;}.fusion-builder-column-0 > .fusion-column-wrapper {padding-top : 0px !important;padding-right : 0px !important;margin-right : 1.92%;padding-bottom : 0px !important;padding-left : 0px !important;margin-left : 1.92%;}@media only screen and (max-width:1024px) {.fusion-body .fusion-builder-column-0{width:100% !important;order : 0;}.fusion-builder-column-0 > .fusion-column-wrapper {margin-right : 1.92%;margin-left : 1.92%;}}@media only screen and (max-width:640px) {.fusion-body .fusion-builder-column-0{width:100% !important;order : 0;}.fusion-builder-column-0 > .fusion-column-wrapper {margin-right : 1.92%;margin-left : 1.92%;}}<\/style><\/div><\/div><style type=\"text\/css\">.fusion-body .fusion-flex-container.fusion-builder-row-1{ padding-top : 0px;margin-top : 0px;padding-right : 0px;padding-bottom : 0px;margin-bottom : 20px;padding-left : 0px;}<\/style><\/div><div class=\"fusion-fullwidth fullwidth-box fusion-builder-row-2 fusion-flex-container nonhundred-percent-fullwidth non-hundred-percent-height-scrolling\" style=\"background-color: rgba(255,255,255,0);background-position: center center;background-repeat: no-repeat;border-width: 0px 0px 0px 0px;border-color:#e2e2e2;border-style:solid;\" ><div class=\"fusion-builder-row fusion-row fusion-flex-align-items-flex-start fusion-flex-justify-content-center\" style=\"max-width:1185.6px;margin-left: calc(-4% \/ 2 );margin-right: calc(-4% \/ 2 );\"><div class=\"fusion-layout-column fusion_builder_column fusion-builder-column-1 fusion_builder_column_1_1 1_1 fusion-flex-column fusion-flex-align-self-center\"><div class=\"fusion-column-wrapper fusion-flex-justify-content-center fusion-content-layout-row\" style=\"background-position:left top;background-repeat:no-repeat;-webkit-background-size:cover;-moz-background-size:cover;-o-background-size:cover;background-size:cover;padding: 0px 0px 0px 0px;\"><div class=\"fusion-text fusion-text-1\"><p>\u00a1Survivor Justice Center se enorgullece de haber sido nombrado finalista del Desaf\u00edo de subvenciones LA2050 2021! Con su apoyo, podemos ganar hasta $100,000 para brindar representaci\u00f3n legal gratuita a inmigrantes sobrevivientes de violencia dom\u00e9stica y agresi\u00f3n sexual.<\/p>\n<p>Entre el lunes 21 de junio de 2021 a las 9:00 a. M. PST y el lunes 28 de junio de 2021 a las 5:00 p. M. PST, los miembros del p\u00fablico pueden votar por nuestra organizaci\u00f3n sin fines de lucro en l\u00ednea. \u00a1La organizaci\u00f3n sin fines de lucro con m\u00e1s votos en cada categor\u00eda ganar\u00e1 $100,000!<\/p>\n<\/div><\/div><style type=\"text\/css\">.fusion-body .fusion-builder-column-1{width:100% !important;margin-top : 0px;margin-bottom : 10PX;}.fusion-builder-column-1 > .fusion-column-wrapper {padding-top : 0px !important;padding-right : 0px !important;margin-right : 1.92%;padding-bottom : 0px !important;padding-left : 0px !important;margin-left : 1.92%;}@media only screen and (max-width:1024px) {.fusion-body .fusion-builder-column-1{width:100% !important;order : 0;}.fusion-builder-column-1 > .fusion-column-wrapper {margin-right : 1.92%;margin-left : 1.92%;}}@media only screen and (max-width:640px) {.fusion-body .fusion-builder-column-1{width:100% !important;order : 0;}.fusion-builder-column-1 > .fusion-column-wrapper {margin-right : 1.92%;margin-left : 1.92%;}}<\/style><\/div><div class=\"fusion-layout-column fusion_builder_column fusion-builder-column-2 fusion_builder_column_1_2 1_2 fusion-flex-column fusion-flex-align-self-center\"><div class=\"fusion-column-wrapper fusion-flex-justify-content-space-evenly fusion-content-layout-row fusion-content-nowrap\" style=\"background-position:left top;background-repeat:no-repeat;-webkit-background-size:cover;-moz-background-size:cover;-o-background-size:cover;background-size:cover;padding: 0px 0px 10px 0px;\"><div ><style>.fusion-button.button-1{border-color:#ffffff;border-radius:50px 50px 50px 50px;background:#e91e63;}.fusion-button.button-1 .fusion-button-text,.fusion-button.button-1 i,.fusion-button.button-1:hover .fusion-button-text,.fusion-button.button-1:hover i,.fusion-button.button-1:focus .fusion-button-text,.fusion-button.button-1:focus i,.fusion-button.button-1:active .fusion-button-text,.fusion-button.button-1:active i{color:#ffffff;}.fusion-button.button-1:hover,.fusion-button.button-1:active,.fusion-button.button-1:focus{border-color:#ffffff;background:#a500bf;}<\/style><a class=\"fusion-button button-flat button-xlarge button-custom button-1 fusion-button-default-span fusion-button-default-type\" target=\"_self\" href=\"https:\/\/challenge.la2050.org\/2021\/connect\/los-angeles-center-for-law-and-justice\/\"><span class=\"fusion-button-text\">Vota ahora<\/span><\/a><\/div><div ><style>.fusion-button.button-2{border-color:#ffffff;border-radius:50px 50px 50px 50px;background:#e91e63;}.fusion-button.button-2 .fusion-button-text,.fusion-button.button-2 i,.fusion-button.button-2:hover .fusion-button-text,.fusion-button.button-2:hover i,.fusion-button.button-2:focus .fusion-button-text,.fusion-button.button-2:focus i,.fusion-button.button-2:active .fusion-button-text,.fusion-button.button-2:active i{color:#ffffff;}.fusion-button.button-2:hover,.fusion-button.button-2:active,.fusion-button.button-2:focus{border-color:#ffffff;background:#a500bf;}<\/style><a class=\"fusion-button button-flat button-xlarge button-custom button-2 fusion-button-default-span fusion-button-default-type\" target=\"_self\" href=\"https:\/\/es-challenge.la2050.org\/2021\/connect\/los-angeles-center-for-law-and-justice\/\"><span class=\"fusion-button-text\">Vota Ahora<\/span><\/a><\/div><\/div><style type=\"text\/css\">.fusion-body .fusion-builder-column-2{width:50% !important;margin-top : 0px;margin-bottom : 10PX;}.fusion-builder-column-2 > .fusion-column-wrapper {padding-top : 0px !important;padding-right : 0px !important;margin-right : 3.84%;padding-bottom : 10px !important;padding-left : 0px !important;margin-left : 3.84%;}@media only screen and (max-width:1024px) {.fusion-body .fusion-builder-column-2{width:100% !important;order : 0;}.fusion-builder-column-2 > .fusion-column-wrapper {margin-right : 1.92%;margin-left : 1.92%;}}@media only screen and (max-width:640px) {.fusion-body .fusion-builder-column-2{width:100% !important;order : 0;}.fusion-builder-column-2 > .fusion-column-wrapper {margin-right : 1.92%;margin-left : 1.92%;}}<\/style><\/div><div class=\"fusion-layout-column fusion_builder_column fusion-builder-column-3 fusion_builder_column_1_1 1_1 fusion-flex-column fusion-flex-align-self-center\"><div class=\"fusion-column-wrapper fusion-flex-justify-content-center fusion-content-layout-row\" style=\"background-position:left top;background-repeat:no-repeat;-webkit-background-size:cover;-moz-background-size:cover;-o-background-size:cover;background-size:cover;padding: 0px 0px 0px 0px;\"><div class=\"fusion-text fusion-text-2\"><p>Al votar por Survivor Justice Center, estar\u00e1 votando por la equidad, la seguridad y la justicia para los sobrevivientes de nuestra comunidad. Cada d\u00f3lar cuenta para que podamos continuar brindando servicios legales y de defensa gratuitos para familias de bajos ingresos que de otra manera no podr\u00edan acceder a estos importantes recursos. \u00a1Ayude a conectar a los sobrevivientes con la justicia y vote hoy!<\/p>\n<\/div><\/div><style type=\"text\/css\">.fusion-body .fusion-builder-column-3{width:100% !important;margin-top : 0px;margin-bottom : 10PX;}.fusion-builder-column-3 > .fusion-column-wrapper {padding-top : 0px !important;padding-right : 0px !important;margin-right : 1.92%;padding-bottom : 0px !important;padding-left : 0px !important;margin-left : 1.92%;}@media only screen and (max-width:1024px) {.fusion-body .fusion-builder-column-3{width:100% !important;order : 0;}.fusion-builder-column-3 > .fusion-column-wrapper {margin-right : 1.92%;margin-left : 1.92%;}}@media only screen and (max-width:640px) {.fusion-body .fusion-builder-column-3{width:100% !important;order : 0;}.fusion-builder-column-3 > .fusion-column-wrapper {margin-right : 1.92%;margin-left : 1.92%;}}<\/style><\/div><\/div><style type=\"text\/css\">.fusion-body .fusion-flex-container.fusion-builder-row-2{ padding-top : 0px;margin-top : 0px;padding-right : 0px;padding-bottom : 15px;margin-bottom : 0px;padding-left : 0px;}<\/style><\/div><div class=\"fusion-fullwidth fullwidth-box fusion-builder-row-3 fusion-flex-container nonhundred-percent-fullwidth non-hundred-percent-height-scrolling\" style=\"background-color: rgba(255,255,255,0);background-position: center center;background-repeat: no-repeat;border-width: 0px 0px 0px 0px;border-color:#e2e2e2;border-style:solid;\" ><div class=\"fusion-builder-row fusion-row fusion-flex-align-items-flex-start\" style=\"max-width:1185.6px;margin-left: calc(-4% \/ 2 );margin-right: calc(-4% \/ 2 );\"><div class=\"fusion-layout-column fusion_builder_column fusion-builder-column-4 fusion_builder_column_1_2 1_2 fusion-flex-column\"><div class=\"fusion-column-wrapper fusion-flex-justify-content-flex-start fusion-content-layout-column\" style=\"background-position:left top;background-repeat:no-repeat;-webkit-background-size:cover;-moz-background-size:cover;-o-background-size:cover;background-size:cover;padding: 0px 0px 0px 0px;\"><div class=\"fusion-text fusion-text-3\"><h2>REGLAS DE VOTO<\/h2>\n<ul>\n<li>Los miembros del p\u00fablico pueden votar una vez por categor\u00eda de objetivo para un total de cinco votos.<\/li>\n<li>Los votantes deben tener al menos 14 a\u00f1os y ser residentes de EE. UU.<\/li>\n<li>Para participar en My LA2050 Grants Challenge, los votantes deben registrarse con su tel\u00e9fono m\u00f3vil o direcci\u00f3n de correo electr\u00f3nico.<\/li>\n<li>Los votantes que se registren por tel\u00e9fono recibir\u00e1n un mensaje de texto SMS con un c\u00f3digo de confirmaci\u00f3n para ingresar.<\/li>\n<li>A los votantes que se registren por correo electr\u00f3nico se les enviar\u00e1 un mensaje de correo electr\u00f3nico con un enlace de confirmaci\u00f3n para presionar.<\/li>\n<li><strong>Los votantes deben confirmar su voto para que su voto cuente.<\/strong><\/li>\n<\/ul>\n<\/div><div ><style>.fusion-button.button-3{border-color:#ffffff;border-radius:50px 50px 50px 50px;background:#ff9311;}.fusion-button.button-3 .fusion-button-text,.fusion-button.button-3 i,.fusion-button.button-3:hover .fusion-button-text,.fusion-button.button-3:hover i,.fusion-button.button-3:focus .fusion-button-text,.fusion-button.button-3:focus i,.fusion-button.button-3:active .fusion-button-text,.fusion-button.button-3:active i{color:#ffffff;}.fusion-button.button-3:hover,.fusion-button.button-3:active,.fusion-button.button-3:focus{border-color:#ffffff;background:#e91e63;}<\/style><a class=\"fusion-button button-flat fusion-button-default-size button-custom button-3 fusion-button-default-span fusion-button-default-type\" target=\"_blank\" rel=\"noopener noreferrer\" href=\"https:\/\/challenge.la2050.org\/vote\/\"><span class=\"fusion-button-text\">APRENDE M\u00c1S<\/span><\/a><\/div><\/div><style type=\"text\/css\">.fusion-body .fusion-builder-column-4{width:50% !important;margin-top : 0px;margin-bottom : 50PX;}.fusion-builder-column-4 > .fusion-column-wrapper {padding-top : 0px !important;padding-right : 0px !important;margin-right : 3.84%;padding-bottom : 0px !important;padding-left : 0px !important;margin-left : 3.84%;}@media only screen and (max-width:1024px) {.fusion-body .fusion-builder-column-4{width:100% !important;order : 0;}.fusion-builder-column-4 > .fusion-column-wrapper {margin-right : 1.92%;margin-left : 1.92%;}}@media only screen and (max-width:640px) {.fusion-body .fusion-builder-column-4{width:100% !important;order : 0;}.fusion-builder-column-4 > .fusion-column-wrapper {margin-right : 1.92%;margin-left : 1.92%;}}<\/style><\/div><div class=\"fusion-layout-column fusion_builder_column fusion-builder-column-5 fusion_builder_column_1_2 1_2 fusion-flex-column\"><div class=\"fusion-column-wrapper fusion-flex-justify-content-space-evenly fusion-content-layout-column\" style=\"background-position:left top;background-repeat:no-repeat;-webkit-background-size:cover;-moz-background-size:cover;-o-background-size:cover;background-size:cover;padding: 0px 0px 0px 0px;\"><div class=\"fusion-text fusion-text-4\"><h2>AYUDA A DIFUNDIR LA PALABRA<\/h2>\n<p style=\"text-align: left;\">\u00a1La organizaci\u00f3n sin fines de lucro con m\u00e1s votos gana el premio de subvenci\u00f3n m\u00e1s grande! Ay\u00fadanos a correr la voz y comparte nuestro gr\u00e1fico en tus p\u00e1ginas de redes sociales.<\/p>\n<p><em>Publicaci\u00f3n de muestra:<\/em> \u201c@Laclj es una incre\u00edble organizaci\u00f3n sin fines de lucro que sirve a sobrevivientes de violencia dom\u00e9stica en Los \u00c1ngeles. Son finalistas del Grant Challenge de LA2050. Si obtienen la mayor cantidad de votos en su categor\u00eda &quot;Conectar&quot;, \u00a1ganan $100,000 para servir a m\u00e1s sobrevivientes! La votaci\u00f3n est\u00e1 ahora hasta el 28 de junio. \u00danase a m\u00ed para votar aqu\u00ed: https:\/\/challenge.la2050.org\/2021\/connect\/los-angeles-center-for-law-and-justice\/ \u201d<\/p>\n<\/div><div ><style>.fusion-button.button-4{border-color:#ffffff;border-radius:50px 50px 50px 50px;background:#ff9311;}.fusion-button.button-4 .fusion-button-text,.fusion-button.button-4 i,.fusion-button.button-4:hover .fusion-button-text,.fusion-button.button-4:hover i,.fusion-button.button-4:focus .fusion-button-text,.fusion-button.button-4:focus i,.fusion-button.button-4:active .fusion-button-text,.fusion-button.button-4:active i{color:#ffffff;}.fusion-button.button-4:hover,.fusion-button.button-4:active,.fusion-button.button-4:focus{border-color:#ffffff;background:#e91e63;}<\/style><a class=\"fusion-button button-flat fusion-button-default-size button-custom button-4 fusion-button-default-span fusion-button-default-type\" target=\"_blank\" rel=\"noopener noreferrer\" href=\"https:\/\/www.survivorjusticecenter.org\/wp-content\/uploads\/2021\/06\/100k-Facebook.gif\" style=\"margin-bottom:5px;\"><span class=\"fusion-button-text\">Descargar gr\u00e1fico #1<\/span><\/a><\/div><div ><style>.fusion-button.button-5{border-color:#ffffff;border-radius:50px 50px 50px 50px;background:#ff9311;}.fusion-button.button-5 .fusion-button-text,.fusion-button.button-5 i,.fusion-button.button-5:hover .fusion-button-text,.fusion-button.button-5:hover i,.fusion-button.button-5:focus .fusion-button-text,.fusion-button.button-5:focus i,.fusion-button.button-5:active .fusion-button-text,.fusion-button.button-5:active i{color:#ffffff;}.fusion-button.button-5:hover,.fusion-button.button-5:active,.fusion-button.button-5:focus{border-color:#ffffff;background:#e91e63;}<\/style><a class=\"fusion-button button-flat fusion-button-default-size button-custom button-5 fusion-button-default-span fusion-button-default-type\" target=\"_blank\" rel=\"noopener noreferrer\" href=\"https:\/\/www.survivorjusticecenter.org\/wp-content\/uploads\/2021\/06\/LA2050.2-Instagram.gif\" style=\"margin-bottom:5px;\"><span class=\"fusion-button-text\">Descargar gr\u00e1fico #2<\/span><\/a><\/div><div ><style>.fusion-button.button-6{border-color:#ffffff;border-radius:50px 50px 50px 50px;background:#ff9311;}.fusion-button.button-6 .fusion-button-text,.fusion-button.button-6 i,.fusion-button.button-6:hover .fusion-button-text,.fusion-button.button-6:hover i,.fusion-button.button-6:focus .fusion-button-text,.fusion-button.button-6:focus i,.fusion-button.button-6:active .fusion-button-text,.fusion-button.button-6:active i{color:#ffffff;}.fusion-button.button-6:hover,.fusion-button.button-6:active,.fusion-button.button-6:focus{border-color:#ffffff;background:#e91e63;}<\/style><a class=\"fusion-button button-flat fusion-button-default-size button-custom button-6 fusion-button-default-span fusion-button-default-type\" target=\"_blank\" rel=\"noopener noreferrer\" href=\"https:\/\/www.survivorjusticecenter.org\/wp-content\/uploads\/2021\/06\/100k-Spanish-Instagram-1.gif\"><span class=\"fusion-button-text\">Descargar gr\u00e1fico en espa\u00f1ol<\/span><\/a><\/div><div class=\"fusion-sharing-box fusion-sharing-box-1 boxed-icons\" style=\"background-color:#f9f9fb;margin-top:10px;\" data-title=\"LA2050 Grants Challenge\" data-description=\"Vote for LACLJ!\" data-link=\"https:\/\/challenge.la2050.org\/2021\/connect\/los-angeles-center-for-law-and-justice\/\"><h4 class=\"tagline\" style=\"color:#212934;\">Comparte en las redes sociales<\/h4><div class=\"fusion-social-networks sharingbox-shortcode-icon-wrapper sharingbox-shortcode-icon-wrapper-1 boxed-icons\"><span><a href=\"https:\/\/www.facebook.com\/sharer.php?u=https%3A%2F%2Fchallenge.la2050.org%2F2021%2Fconnect%2Flos-angeles-center-for-law-and-justice%2F&amp;t=LA2050%20Grants%20Challenge\" target=\"_blank\" rel=\"noreferrer\" title=\"Facebook\" aria-label=\"Facebook\" data-placement=\"top\" data-toggle=\"tooltip\" data-title=\"Facebook\"><i class=\"fusion-social-network-icon fusion-tooltip fusion-facebook awb-icon-facebook\" style=\"color:#ffffff;background-color:#3b5998;border-color:#3b5998;border-radius:4px;\" aria-hidden=\"true\"><\/i><\/a><\/span><span><a href=\"https:\/\/twitter.com\/share?text=LA2050%20Grants%20Challenge&amp;url=https%3A%2F%2Fchallenge.la2050.org%2F2021%2Fconnect%2Flos-angeles-center-for-law-and-justice%2F\" target=\"_blank\" rel=\"noopener noreferrer\" title=\"Gorjeo\" aria-label=\"Gorjeo\" data-placement=\"top\" data-toggle=\"tooltip\" data-title=\"Twitter\"><i class=\"fusion-social-network-icon fusion-tooltip fusion-twitter awb-icon-twitter\" style=\"color:#ffffff;background-color:#55acee;border-color:#55acee;border-radius:4px;\" aria-hidden=\"true\"><\/i><\/a><\/span><span><a href=\"https:\/\/www.linkedin.com\/shareArticle?mini=true&amp;url=https%3A%2F%2Fchallenge.la2050.org%2F2021%2Fconnect%2Flos-angeles-center-for-law-and-justice%2F&amp;title=LA2050%20Grants%20Challenge&amp;summary=Vote%20for%20LACLJ%21\" target=\"_blank\" rel=\"noopener noreferrer\" title=\"LinkedIn\" aria-label=\"LinkedIn\" data-placement=\"top\" data-toggle=\"tooltip\" data-title=\"LinkedIn\"><i class=\"fusion-social-network-icon fusion-tooltip fusion-linkedin awb-icon-linkedin\" style=\"color:#ffffff;background-color:#0077b5;border-color:#0077b5;border-radius:4px;\" aria-hidden=\"true\"><\/i><\/a><\/span><span><a href=\"mailto:?subject=LA2050%20Grants%20Challenge&amp;body=https%3A%2F%2Fchallenge.la2050.org%2F2021%2Fconnect%2Flos-angeles-center-for-law-and-justice%2F\" target=\"_self\" title=\"Correo electr\u00f3nico\" aria-label=\"Correo electr\u00f3nico\" data-placement=\"top\" data-toggle=\"tooltip\" data-title=\"Email\"><i class=\"fusion-social-network-icon fusion-tooltip fusion-mail awb-icon-mail\" style=\"color:#ffffff;background-color:#000000;border-color:#000000;border-radius:4px;\" aria-hidden=\"true\"><\/i><\/a><\/span><\/div><\/div><style type=\"text\/css\">.fusion-sharing-box-1 h4{margin-bottom:0 !important;}.fusion-sharing-box-1{flex-direction:row !important;border-color:#cccccc !important;}.sharingbox-shortcode-icon-wrapper-1 a i{font-size:20px !important;}.sharingbox-shortcode-icon-wrapper-1 span.sharingbox-shortcode-icon-separator{border-color:#cccccc !important;border-right-width:0px !important;}@media only screen and (max-width:1024px){.fusion-sharing-box-1 h4{margin-right:0.5em !important;margin-bottom:0 !important;}.sharingbox-shortcode-icon-wrapper-1{width:auto !important;justify-content:flex-end !important;}.fusion-sharing-box-1{align-items:center !important;} }@media only screen and (max-width:640px){.fusion-sharing-box-1{flex-direction: column !important;align-items:center !important;}.fusion-sharing-box-1 h4{margin-bottom:revert !important;}.sharingbox-shortcode-icon-wrapper-1{width:100% !important;justify-content:space-between !important;} }<\/style><\/div><style type=\"text\/css\">.fusion-body .fusion-builder-column-5{width:50% !important;margin-top : 0px;margin-bottom : 20px;}.fusion-builder-column-5 > .fusion-column-wrapper {padding-top : 0px !important;padding-right : 0px !important;margin-right : 3.84%;padding-bottom : 0px !important;padding-left : 0px !important;margin-left : 3.84%;}@media only screen and (max-width:1024px) {.fusion-body .fusion-builder-column-5{width:100% !important;order : 0;}.fusion-builder-column-5 > .fusion-column-wrapper {margin-right : 1.92%;margin-left : 1.92%;}}@media only screen and (max-width:640px) {.fusion-body .fusion-builder-column-5{width:100% !important;order : 0;}.fusion-builder-column-5 > .fusion-column-wrapper {margin-right : 1.92%;margin-left : 1.92%;}}<\/style><\/div><div class=\"fusion-layout-column fusion_builder_column fusion-builder-column-6 fusion_builder_column_1_2 1_2 fusion-flex-column\"><div class=\"fusion-column-wrapper fusion-flex-justify-content-flex-start fusion-content-layout-column\" style=\"background-position:left top;background-repeat:no-repeat;-webkit-background-size:cover;-moz-background-size:cover;-o-background-size:cover;background-size:cover;padding: 0px 0px 0px 0px;\"><div class=\"fusion-text fusion-text-5\"><h2>PREGUNTAS<\/h2>\n<p style=\"text-align: left;\">Contacto <a href=\"mailto:Development@Survivor Justice Center.org\">Development@Survivor Justice Center.org<\/a><\/p>\n<\/div><\/div><style type=\"text\/css\">.fusion-body .fusion-builder-column-6{width:50% !important;margin-top : 0px;margin-bottom : 0PX;}.fusion-builder-column-6 > .fusion-column-wrapper {padding-top : 0px !important;padding-right : 0px !important;margin-right : 3.84%;padding-bottom : 0px !important;padding-left : 0px !important;margin-left : 3.84%;}@media only screen and (max-width:1024px) {.fusion-body .fusion-builder-column-6{width:100% !important;order : 0;}.fusion-builder-column-6 > .fusion-column-wrapper {margin-right : 1.92%;margin-left : 1.92%;}}@media only screen and (max-width:640px) {.fusion-body .fusion-builder-column-6{width:100% !important;order : 0;}.fusion-builder-column-6 > .fusion-column-wrapper {margin-right : 1.92%;margin-left : 1.92%;}}<\/style><\/div><\/div><style type=\"text\/css\">.fusion-body .fusion-flex-container.fusion-builder-row-3{ padding-top : 0px;margin-top : 0px;padding-right : 0px;padding-bottom : 0px;margin-bottom : 0px;padding-left : 0px;}<\/style><\/div><\/p>","protected":false},"excerpt":{"rendered":"","protected":false},"author":6,"featured_media":0,"parent":0,"menu_order":0,"comment_status":"closed","ping_status":"closed","template":"100-width.php","meta":{"footnotes":""},"class_list":["post-59612","page","type-page","status-publish","hentry"],"aioseo_notices":[],"jetpack_sharing_enabled":true,"_links":{"self":[{"href":"https:\/\/www.survivorjusticecenter.org\/es\/wp-json\/wp\/v2\/pages\/59612","targetHints":{"allow":["GET"]}}],"collection":[{"href":"https:\/\/www.survivorjusticecenter.org\/es\/wp-json\/wp\/v2\/pages"}],"about":[{"href":"https:\/\/www.survivorjusticecenter.org\/es\/wp-json\/wp\/v2\/types\/page"}],"author":[{"embeddable":true,"href":"https:\/\/www.survivorjusticecenter.org\/es\/wp-json\/wp\/v2\/users\/6"}],"replies":[{"embeddable":true,"href":"https:\/\/www.survivorjusticecenter.org\/es\/wp-json\/wp\/v2\/comments?post=59612"}],"version-history":[{"count":72,"href":"https:\/\/www.survivorjusticecenter.org\/es\/wp-json\/wp\/v2\/pages\/59612\/revisions"}],"predecessor-version":[{"id":59699,"href":"https:\/\/www.survivorjusticecenter.org\/es\/wp-json\/wp\/v2\/pages\/59612\/revisions\/59699"}],"wp:attachment":[{"href":"https:\/\/www.survivorjusticecenter.org\/es\/wp-json\/wp\/v2\/media?parent=59612"}],"curies":[{"name":"gracias","href":"https:\/\/api.w.org\/{rel}","templated":true}]}}