{"id":58236,"date":"2020-12-14T19:07:55","date_gmt":"2020-12-14T19:07:55","guid":{"rendered":"https:\/\/www.laclj.org\/?page_id=58236"},"modified":"2020-12-14T19:07:55","modified_gmt":"2020-12-14T19:07:55","slug":"page-test","status":"publish","type":"page","link":"https:\/\/www.survivorjusticecenter.org\/es\/page-test\/","title":{"rendered":"Prueba de p\u00e1gina"},"content":{"rendered":"<div class=\"fusion-fullwidth fullwidth-box fusion-builder-row-1 fusion-flex-container nonhundred-percent-fullwidth non-hundred-percent-height-scrolling\" style=\"background-color: rgba(255,255,255,0);background-position: center center;background-repeat: no-repeat;border-width: 0px 0px 0px 0px;border-color:#e2e2e2;border-style:solid;\" ><div class=\"fusion-builder-row fusion-row fusion-flex-align-items-flex-start\" style=\"max-width:1185.6px;margin-left: calc(-4% \/ 2 );margin-right: calc(-4% \/ 2 );\"><div class=\"fusion-layout-column fusion_builder_column fusion-builder-column-0 fusion_builder_column_1_2 1_2 fusion-flex-column\"><div class=\"fusion-column-wrapper fusion-flex-justify-content-flex-start fusion-content-layout-column\" style=\"background-position:left top;background-repeat:no-repeat;-webkit-background-size:cover;-moz-background-size:cover;-o-background-size:cover;background-size:cover;padding: 0px 0px 0px 0px;\"><div ><span class=\"fusion-imageframe imageframe-none imageframe-1 hover-type-none\"><img decoding=\"async\" width=\"1024\" height=\"683\" title=\"270-IMG_0168\" src=\"https:\/\/www.survivorjusticecenter.org\/wp-content\/uploads\/2019\/06\/270-IMG_0168-1-1024x683.jpg\" alt class=\"img-responsive wp-image-58133\" srcset=\"https:\/\/www.survivorjusticecenter.org\/wp-content\/uploads\/2019\/06\/270-IMG_0168-1-200x133.jpg 200w, https:\/\/www.survivorjusticecenter.org\/wp-content\/uploads\/2019\/06\/270-IMG_0168-1-400x267.jpg 400w, https:\/\/www.survivorjusticecenter.org\/wp-content\/uploads\/2019\/06\/270-IMG_0168-1-600x400.jpg 600w, https:\/\/www.survivorjusticecenter.org\/wp-content\/uploads\/2019\/06\/270-IMG_0168-1-800x533.jpg 800w, https:\/\/www.survivorjusticecenter.org\/wp-content\/uploads\/2019\/06\/270-IMG_0168-1-1200x800.jpg 1200w\" sizes=\"(max-width: 1024px) 100vw, (max-width: 640px) 100vw, 600px\" \/><\/span><\/div><\/div><style type=\"text\/css\">.fusion-body .fusion-builder-column-0{width:50% !important;margin-top : 0px;margin-bottom : 20px;}.fusion-builder-column-0 > .fusion-column-wrapper {padding-top : 0px !important;padding-right : 0px !important;margin-right : 3.84%;padding-bottom : 0px !important;padding-left : 0px !important;margin-left : 3.84%;}@media only screen and (max-width:1024px) {.fusion-body .fusion-builder-column-0{width:100% !important;order : 0;}.fusion-builder-column-0 > .fusion-column-wrapper {margin-right : 1.92%;margin-left : 1.92%;}}@media only screen and (max-width:640px) {.fusion-body .fusion-builder-column-0{width:100% !important;order : 0;}.fusion-builder-column-0 > .fusion-column-wrapper {margin-right : 1.92%;margin-left : 1.92%;}}<\/style><\/div><div class=\"fusion-layout-column fusion_builder_column fusion-builder-column-1 fusion_builder_column_1_2 1_2 fusion-flex-column\"><div class=\"fusion-column-wrapper fusion-flex-justify-content-flex-start fusion-content-layout-column\" style=\"background-position:left top;background-repeat:no-repeat;-webkit-background-size:cover;-moz-background-size:cover;-o-background-size:cover;background-size:cover;padding: 0px 0px 0px 0px;\"><div class=\"fusion-text fusion-text-1\"><h2>Visi\u00f3n<\/h2>\n<p>Nuestra visi\u00f3n es una comunidad s\u00f3lida donde las familias est\u00e9n seguras, estables y libres de injusticias.<\/p>\n<\/div><\/div><style type=\"text\/css\">.fusion-body .fusion-builder-column-1{width:50% !important;margin-top : 0px;margin-bottom : 20px;}.fusion-builder-column-1 > .fusion-column-wrapper {padding-top : 0px !important;padding-right : 0px !important;margin-right : 3.84%;padding-bottom : 0px !important;padding-left : 0px !important;margin-left : 3.84%;}@media only screen and (max-width:1024px) {.fusion-body .fusion-builder-column-1{width:100% !important;order : 0;}.fusion-builder-column-1 > .fusion-column-wrapper {margin-right : 1.92%;margin-left : 1.92%;}}@media only screen and (max-width:640px) {.fusion-body .fusion-builder-column-1{width:100% !important;order : 0;}.fusion-builder-column-1 > .fusion-column-wrapper {margin-right : 1.92%;margin-left : 1.92%;}}<\/style><\/div><div class=\"fusion-layout-column fusion_builder_column fusion-builder-column-2 fusion_builder_column_1_1 1_1 fusion-flex-column\"><div class=\"fusion-column-wrapper fusion-flex-justify-content-flex-start fusion-content-layout-column\" style=\"background-position:left top;background-repeat:no-repeat;-webkit-background-size:cover;-moz-background-size:cover;-o-background-size:cover;background-size:cover;padding: 0px 0px 0px 0px;\"><div class=\"fusion-text fusion-text-2\"><h2>Valores<\/h2>\n<p><strong>Comunidad<\/strong>\u00a0- Creemos en una comunidad compartida donde todos est\u00e1n conectados. Nuestros servicios est\u00e1n impulsados por una visi\u00f3n de nuestra comunidad que es respetuosa, solidaria y sin prejuicios.<\/p>\n<p><b>Creando oportunidades<\/b>\u00a0- Estamos comprometidos a proporcionar a las personas los conocimientos y las herramientas para superar las barreras y crear nuevas oportunidades. Creemos que invertir en el crecimiento personal fomenta soluciones duraderas para las personas, sus familias y toda la comunidad.<\/p>\n<p><strong>Autodeterminaci\u00f3n<\/strong>\u00a0- Creemos que todas las personas tienen derecho a conocer y comprender el impacto de sus decisiones. Estamos comprometidos a apoyarlos plenamente con informaci\u00f3n y servicios personalizados, culturalmente competentes y comprensibles, para que puedan tomar las mejores decisiones para ellos y sus familias.<\/p>\n<p><strong>Voces por el cambio\u00a0<\/strong>- Creemos que las voces de la comunidad tienen el mayor poder para desafiar la inequidad y la injusticia. Buscamos amplificar estas voces a fin de promover un cambio sist\u00e9mico y abogar por un sistema legal que sea justo para todos.<\/p>\n<p><strong>Innovaci\u00f3n valiente<\/strong>\u00a0- Creemos en la b\u00fasqueda de soluciones innovadoras y creativas para los desaf\u00edos que enfrentan nuestras comunidades. Afrontamos estos problemas con pasi\u00f3n para crear un cambio significativo.<\/p>\n<p><strong>Excelencia<\/strong>\u00a0- Estamos comprometidos a brindar servicios de alta calidad con profesionalismo e integridad.<\/p>\n<p><strong>Colaboraci\u00f3n<\/strong>\u00a0- Encontramos fuerza en las colaboraciones entre el personal, los clientes y los socios comunitarios. Creemos que estas relaciones son fundamentales para lograr un impacto transformador.<\/p>\n<\/div><\/div><style type=\"text\/css\">.fusion-body .fusion-builder-column-2{width:100% !important;margin-top : 0px;margin-bottom : 20px;}.fusion-builder-column-2 > .fusion-column-wrapper {padding-top : 0px !important;padding-right : 0px !important;margin-right : 1.92%;padding-bottom : 0px !important;padding-left : 0px !important;margin-left : 1.92%;}@media only screen and (max-width:1024px) {.fusion-body .fusion-builder-column-2{width:100% !important;order : 0;}.fusion-builder-column-2 > .fusion-column-wrapper {margin-right : 1.92%;margin-left : 1.92%;}}@media only screen and (max-width:640px) {.fusion-body .fusion-builder-column-2{width:100% !important;order : 0;}.fusion-builder-column-2 > .fusion-column-wrapper {margin-right : 1.92%;margin-left : 1.92%;}}<\/style><\/div><\/div><style type=\"text\/css\">.fusion-body .fusion-flex-container.fusion-builder-row-1{ padding-top : 0px;margin-top : 0px;padding-right : 0px;padding-bottom : 0px;margin-bottom : 0px;padding-left : 0px;}<\/style><\/div>","protected":false},"excerpt":{"rendered":"","protected":false},"author":1,"featured_media":0,"parent":0,"menu_order":0,"comment_status":"closed","ping_status":"closed","template":"100-width.php","meta":{"footnotes":""},"class_list":["post-58236","page","type-page","status-publish","hentry"],"aioseo_notices":[],"jetpack_sharing_enabled":true,"_links":{"self":[{"href":"https:\/\/www.survivorjusticecenter.org\/es\/wp-json\/wp\/v2\/pages\/58236","targetHints":{"allow":["GET"]}}],"collection":[{"href":"https:\/\/www.survivorjusticecenter.org\/es\/wp-json\/wp\/v2\/pages"}],"about":[{"href":"https:\/\/www.survivorjusticecenter.org\/es\/wp-json\/wp\/v2\/types\/page"}],"author":[{"embeddable":true,"href":"https:\/\/www.survivorjusticecenter.org\/es\/wp-json\/wp\/v2\/users\/1"}],"replies":[{"embeddable":true,"href":"https:\/\/www.survivorjusticecenter.org\/es\/wp-json\/wp\/v2\/comments?post=58236"}],"version-history":[{"count":3,"href":"https:\/\/www.survivorjusticecenter.org\/es\/wp-json\/wp\/v2\/pages\/58236\/revisions"}],"predecessor-version":[{"id":58242,"href":"https:\/\/www.survivorjusticecenter.org\/es\/wp-json\/wp\/v2\/pages\/58236\/revisions\/58242"}],"wp:attachment":[{"href":"https:\/\/www.survivorjusticecenter.org\/es\/wp-json\/wp\/v2\/media?parent=58236"}],"curies":[{"name":"gracias","href":"https:\/\/api.w.org\/{rel}","templated":true}]}}