{"id":58170,"date":"2020-12-11T16:14:30","date_gmt":"2020-12-11T16:14:30","guid":{"rendered":"https:\/\/www.laclj.org\/?page_id=58170"},"modified":"2025-10-03T18:30:58","modified_gmt":"2025-10-03T18:30:58","slug":"accessibility","status":"publish","type":"page","link":"https:\/\/www.survivorjusticecenter.org\/es\/accessibility\/","title":{"rendered":"Accesibilidad"},"content":{"rendered":"<div class=\"fusion-fullwidth fullwidth-box fusion-builder-row-1 fusion-flex-container nonhundred-percent-fullwidth non-hundred-percent-height-scrolling\" style=\"background-color: rgba(255,255,255,0);background-position: center center;background-repeat: no-repeat;border-width: 0px 0px 0px 0px;border-color:#e2e2e2;border-style:solid;\" ><div class=\"fusion-builder-row fusion-row fusion-flex-align-items-flex-start\" style=\"max-width:1185.6px;margin-left: calc(-4% \/ 2 );margin-right: calc(-4% \/ 2 );\"><div class=\"fusion-layout-column fusion_builder_column fusion-builder-column-0 fusion_builder_column_1_1 1_1 fusion-flex-column\"><div class=\"fusion-column-wrapper fusion-flex-justify-content-flex-start fusion-content-layout-column\" style=\"background-position:left top;background-repeat:no-repeat;-webkit-background-size:cover;-moz-background-size:cover;-o-background-size:cover;background-size:cover;padding: 0px 0px 0px 0px;\"><div class=\"fusion-text fusion-text-1\"><h1 class=\"fusion-responsive-typography-calculated\" style=\"text-align: center; --fontsize: 35.2; line-height: 1;\" data-fontsize=\"35.2\" data-lineheight=\"35.2px\">Declaraci\u00f3n de accesibilidad para <span class=\"basic-information website-name\">Survivor Justice Center.ORG<\/span><\/h1>\n<p><strong>*** Para Quick Escape de este sitio, para su privacidad y seguridad, presione &quot;Shift + e&quot;. Luego, la ventana actual cambiar\u00e1 a Yahoo.com y se abrir\u00e1 otra pesta\u00f1a para Weather.com.<\/strong><\/p>\n<h3 class=\"fusion-responsive-typography-calculated\" style=\"--fontsize: 19.2; line-height: 1.2;\" data-acsb-custom-trigger=\"true\" data-fontsize=\"19.2\" data-lineheight=\"23.04px\"><span style=\"text-decoration: underline; cursor: pointer;\"><strong>Inicie la interfaz de accesibilidad HACIENDO CLIC AQU\u00cd<\/strong><\/span><\/h3>\n<p><span class=\"basic-information organization-name\">Survivor Justice Center<\/span> se compromete a garantizar la accesibilidad digital para todas las personas. Mejoramos continuamente la experiencia del usuario para todos y actualizamos el sitio web para cumplir con los est\u00e1ndares actuales. Si tiene dificultades para acceder o utilizar cualquier parte de nuestro sitio web, comun\u00edquese con nosotros y con gusto lo ayudaremos. Tendr\u00e1 la misma prioridad a los servicios y recursos de Survivor Justice Center que estaban disponibles en el momento en que comenz\u00f3 a tener dificultades de acceso. Comun\u00edquese con nosotros dentro de las 24 horas posteriores a haber experimentado dificultades de accesibilidad, para que podamos ayudarlo lo m\u00e1s r\u00e1pido posible.<\/p>\n<h3 class=\"fusion-responsive-typography-calculated\" style=\"--fontsize: 19.2; line-height: 1.2;\" data-fontsize=\"19.2\" data-lineheight=\"23.04px\">Informaci\u00f3n de contacto de accesibilidad<\/h3>\n<p>Survivor Justice Center<br \/>\n5301 Whittier Blvd., cuarto piso<br \/>\nLos \u00c1ngeles, CA 90022 <strong><a href=\"https:\/\/goo.gl\/maps\/BbnM5vchAh22\" target=\"_blank\" rel=\"noopener noreferrer\">Ver en el mapa (el enlace se abre en una ventana nueva)<\/a><\/strong><\/p>\n<p>Tel\u00e9fono (323) 980-3500<br \/>\nEmail: <a href=\"mailto:access@Survivor Justice Center.org\" target=\"_blank\" rel=\"noopener noreferrer\">access@Survivor Justice Center.org<\/a> **<\/p>\n<p>Horas de oficina<br \/>\nLunes Viernes<br \/>\n9:00 am a 5:00 pm<\/p>\n<p>Puede encontrar un mapa del sitio del sitio web de Survivor Justice Center aqu\u00ed: <a href=\"https:\/\/www.survivorjusticecenter.org\/es\/sitemap\/\"><strong>Survivor Justice Center.org\/sitemap<\/strong><\/a><\/p>\n<h3 class=\"fusion-responsive-typography-calculated\" style=\"--fontsize: 19.2; line-height: 1.2;\" data-fontsize=\"19.2\" data-lineheight=\"23.04px\">Medidas para apoyar la accesibilidad<\/h3>\n<p><span class=\"basic-information organization-name\">Survivor Justice Center<\/span> toma las siguientes medidas para garantizar la accesibilidad de <span class=\"basic-information website-name\">Survivor Justice Center.ORG<\/span>:<\/p>\n<ul class=\"organizational-effort accessibility-measures\">\n<li>Incluya la accesibilidad en todas nuestras pol\u00edticas internas.<\/li>\n<li>Designe un oficial de accesibilidad y \/ o un defensor del pueblo.<\/li>\n<li>Brindar capacitaci\u00f3n continua en accesibilidad a nuestro personal.<\/li>\n<li>Asigne objetivos y responsabilidades de accesibilidad claros.<\/li>\n<li>Emplear m\u00e9todos formales de aseguramiento de la calidad de la accesibilidad.<\/li>\n<\/ul>\n<h3 class=\"fusion-responsive-typography-calculated\" style=\"--fontsize: 19.2; line-height: 1.2;\" data-fontsize=\"19.2\" data-lineheight=\"23.04px\">Estado de conformidad<\/h3>\n<p>los <strong><a href=\"https:\/\/www.w3.org\/WAI\/standards-guidelines\/wcag\/\" target=\"_blank\" rel=\"noopener noreferrer\">Pautas de accesibilidad al contenido web (WCAG) (el enlace se abre en una ventana nueva)<\/a><\/strong> define los requisitos para que los dise\u00f1adores y desarrolladores mejoren la accesibilidad de las personas con discapacidad. Define tres niveles de conformidad: Nivel A, Nivel AA y Nivel AAA. <span class=\"basic-information website-name\">Survivor Justice Center.ORG<\/span> es <span class=\"basic-information conformance-status\" data-printfilter=\"lowercase\">parcialmente conforme<\/span> con <span class=\"basic-information conformance-standard\"><span data-negate=\"\">WCAG 2.1 nivel AA<\/span>.<\/span> <span class=\"basic-information conformance-status\">Parcialmente conforme<\/span> significa que <span class=\"basic-information conformance-meaning\">algunas partes del contenido no se ajustan completamente al est\u00e1ndar de accesibilidad<\/span>. La limitaci\u00f3n actual identificada en Survivor Justice Center.org se encuentra en la siguiente secci\u00f3n: Limitaciones y alternativas<\/p>\n<h3 class=\"fusion-responsive-typography-calculated\" style=\"--fontsize: 19.2; line-height: 1.2;\" data-fontsize=\"19.2\" data-lineheight=\"23.04px\">Limitaciones y alternativas<\/h3>\n<p>A pesar de nuestros mejores esfuerzos para garantizar la accesibilidad de <span class=\"basic-information website-name\">Survivor Justice Center.ORG<\/span>, puede haber algunas limitaciones. A continuaci\u00f3n se muestra una descripci\u00f3n de las limitaciones conocidas y las posibles soluciones. Comun\u00edquese con nosotros si observa un problema que no se enumera a continuaci\u00f3n.<\/p>\n<p>Limitaciones conocidas para <span class=\"basic-information website-name\">Survivor Justice Center.ORG<\/span>:<\/p>\n<ol class=\"technical-information accessibility-limitations\">\n<li><strong>Documentos PDF<\/strong>Los documentos PDF a\u00fan no se han redise\u00f1ado para garantizar la accesibilidad a usuarios de todos los niveles. Si tiene alguna dificultad para acceder a los PDF vinculados, cont\u00e1ctenos y haremos todo lo posible para proporcionarle el contenido en un formato accesible.<\/li>\n<li><strong>Contenido de video: <\/strong>Tenemos contenido de video en el sitio web que puede no contener subt\u00edtulos o una transcripci\u00f3n descriptiva completa. Si est\u00e1 intentando acceder a estos recursos y siente que no puede acceder por completo a los servicios de Survivor Justice Center debido a problemas con esos recursos, comun\u00edquese con nosotros y trabajaremos para proporcionarle el contenido en un formato accesible.<\/li>\n<li><strong>Mapas de Google: <\/strong>Vinculamos a Google Maps. Puede encontrar informaci\u00f3n sobre accesibilidad en la siguiente secci\u00f3n: \u201cRecursos de terceros\u201d. Tambi\u00e9n puede encontrar la direcci\u00f3n f\u00edsica de Survivor Justice Center indicada anteriormente en la secci\u00f3n &quot;Informaci\u00f3n de contacto de accesibilidad&quot;, as\u00ed como en <a href=\"https:\/\/www.survivorjusticecenter.org\/es\/general-contact\/\"><strong>survivaljusticecenter.org\/general-contact\/. <\/strong><\/a> Si no puede determinar nuestra direcci\u00f3n f\u00edsica debido a limitaciones de accesibilidad, comun\u00edquese con nosotros.<\/li>\n<li><strong>Contenido de la publicaci\u00f3n de blog:<\/strong> Es posible que el contenido que se encuentra al navegar a las siguientes p\u00e1ginas no sea completamente accesible (conocido colectivamente como &quot;contenido del blog&quot;): https:\/\/www.survivorjusticecenter.org\/updates\/, https:\/\/www.survivorjusticecenter.org\/updates\/latest- noticias\/, https:\/\/www.survivorjusticecenter.org\/updates\/newsletters\/, https:\/\/www.survivorjusticecenter.org\/updates\/events\/. En esas p\u00e1ginas puede haber enlaces a archivos PDF, puede haber im\u00e1genes sin texto alternativo y puede haber errores de navegaci\u00f3n. Si est\u00e1 intentando acceder al contenido del blog y cree que no puede acceder completamente a los servicios de Survivor Justice Center debido a problemas de accesibilidad con esos recursos, cont\u00e1ctenos y trabajaremos para brindarle el contenido en un formato accesible.<\/li>\n<li><strong>Contenido descubierto a trav\u00e9s de motores de b\u00fasqueda: <\/strong>El contenido de Survivor Justice Center.org puede aparecer en varios motores de b\u00fasqueda (Google, Bing, etc.) en formatos que no est\u00e1n controlados por Survivor Justice Center.org. Ciertas im\u00e1genes y \/ o p\u00e1ginas del sitio web que se encuentran en los motores de b\u00fasqueda pueden estar desactualizadas o no ser utilizadas actualmente por Survivor Justice Center.org para brindar servicios o informaci\u00f3n relevante. Conf\u00ede \u00fanicamente en el contenido que se puede navegar mediante el <strong><a href=\"https:\/\/www.survivorjusticecenter.org\/es\/sitemap\/\">Mapa del sitio<\/a><\/strong>.<\/li>\n<\/ol>\n<h3 class=\"fusion-responsive-typography-calculated\" style=\"--fontsize: 19.2; line-height: 1.2;\" data-fontsize=\"19.2\" data-lineheight=\"23.04px\">Compatibilidad con navegadores y tecnolog\u00eda de asistencia<\/h3>\n<p><span class=\"basic-information website-name\">Survivor Justice Center.ORG<\/span> est\u00e1 dise\u00f1ado para ser compatible con las siguientes tecnolog\u00edas de asistencia:<\/p>\n<ul class=\"technical-information compatible-environments\">\n<li>Nuestro contenido web est\u00e1 dise\u00f1ado para ser accesible desde la mayor\u00eda de los navegadores de escritorio y m\u00f3viles. Se ha probado Windows y MacOs, utilizando navegadores: Safari, Firefox y Google Chrome.<\/li>\n<\/ul>\n<h3 class=\"fusion-responsive-typography-calculated\" style=\"--fontsize: 19.2; line-height: 1.2;\" data-fontsize=\"19.2\" data-lineheight=\"23.04px\">Especificaciones t\u00e9cnicas<\/h3>\n<p>La accesibilidad de <span class=\"basic-information website-name\">Survivor Justice Center.ORG<\/span> se basa en las siguientes tecnolog\u00edas para trabajar con la combinaci\u00f3n particular de navegador web y cualquier tecnolog\u00eda de asistencia o complementos instalados en su computadora:<\/p>\n<ul class=\"technical-information technologies-used\">\n<li>HTML<\/li>\n<li>WAI-ARIA<\/li>\n<li>CSS<\/li>\n<li>JavaScript<\/li>\n<\/ul>\n<p>Se conf\u00eda en estas tecnolog\u00edas para cumplir con los est\u00e1ndares de accesibilidad utilizados.<\/p>\n<h3 class=\"fusion-responsive-typography-calculated\" style=\"--fontsize: 19.2; line-height: 1.2;\" data-fontsize=\"19.2\" data-lineheight=\"23.04px\">Sitios web de terceros<\/h3>\n<p class=\"p1\">Este sitio web enlaza con varios sitios web de terceros, como YouTube y Facebook. Estos sitios no est\u00e1n controlados por Survivor Justice Center y pueden presentar desaf\u00edos para personas con ciertas limitaciones de capacidad. Continuaremos consultando con estos sitios web de terceros para ayudar a mejorar la experiencia web para personas de todas las capacidades. Si tiene problemas de accesibilidad despu\u00e9s de abandonar el dominio Survivor Justice Center.org o cuando accede a contenido incrustado, comun\u00edquese con nosotros y haremos todo lo posible para comunicarnos con el sitio web de terceros en cuesti\u00f3n. Para obtener m\u00e1s informaci\u00f3n sobre la accesibilidad de terceros, visite las siguientes p\u00e1ginas web (los enlaces se abrir\u00e1n en una nueva ventana):<\/p>\n<p id=\"u29421-47\"><strong><a class=\"nonblock\" href=\"https:\/\/www.facebook.com\/help\/141636465971794\" target=\"_blank\" rel=\"noopener noreferrer\"><span id=\"u29421-45\">Pol\u00edtica de accesibilidad de Facebook<\/span><\/a><\/strong><\/p>\n<p id=\"u29421-50\"><strong><a class=\"nonblock\" href=\"https:\/\/support.google.com\/youtube\/answer\/189278?hl=en\" target=\"_blank\" rel=\"noopener noreferrer\"><span id=\"u29421-48\">Pol\u00edtica de accesibilidad de Youtube<\/span><\/a><\/strong><\/p>\n<p><strong><a href=\"https:\/\/www.adobe.com\/accessibility\/pdf\/pdf-accessibility-overview.html\" target=\"_blank\" rel=\"noopener noreferrer\">Accesibilidad de Adobe<\/a><\/strong><\/p>\n<p><strong><a href=\"https:\/\/support.google.com\/maps\/answer\/6396990?co=GENIE.Platform%3DDesktop&amp;hl=en\" target=\"_blank\" rel=\"noopener noreferrer\">Accesibilidad de Google Maps<\/a><\/strong><\/p>\n<h3 class=\"fusion-responsive-typography-calculated\" style=\"--fontsize: 19.2; line-height: 1.2;\" data-fontsize=\"19.2\" data-lineheight=\"23.04px\">Enfoque de evaluaci\u00f3n<\/h3>\n<p><span class=\"basic-information organization-name\">Survivor Justice Center<\/span> evalu\u00f3 la accesibilidad de <span class=\"basic-information website-name\">Survivor Justice Center.ORG<\/span> por los siguientes enfoques:<\/p>\n<ul class=\"technical-information assessment-approaches\">\n<li><strong>Evaluaci\u00f3n externa: <\/strong> Contratamos los servicios de <a href=\"https:\/\/1984designs.com\/\" target=\"_blank\" rel=\"noopener noreferrer\">1984Designs.com (el enlace se abre en una nueva pesta\u00f1a)<\/a> para revisar, auditar y adaptar nuestro contenido web existente para tratar de cumplir con los est\u00e1ndares WCAG 2.1.<\/li>\n<\/ul>\n<h3 class=\"fusion-responsive-typography-calculated\" style=\"--fontsize: 19.2; line-height: 1.2;\" data-fontsize=\"19.2\" data-lineheight=\"23.04px\">Algunas de las medidas tomadas para aumentar la accesibilidad se encuentran a continuaci\u00f3n (pero no se limitan a):<\/h3>\n<ol id=\"u29421-83\" class=\"list0 nls-None\">\n<li id=\"u29421-60\">Tener texto alternativo f\u00e1cil de navegar para todas las im\u00e1genes web<\/li>\n<li id=\"u29421-62\">Tener texto claro y de alto contraste siempre que sea posible<\/li>\n<li id=\"u29421-64\">Proporcionar etiquetas html para campos de entrada de formularios<\/li>\n<li id=\"u29421-66\">Hacer que nuestra informaci\u00f3n de contacto est\u00e9 f\u00e1cilmente disponible para que nuestros visitantes de la web puedan buscar ayuda cuando la necesiten<\/li>\n<li id=\"u29421-68\">Crear un mapa del sitio navegable que muestre claramente la organizaci\u00f3n de nuestro sitio web.<\/li>\n<li id=\"u29421-70\">Tener enlaces y texto de enlace claramente definidos<\/li>\n<li id=\"u29421-72\">Auditor\u00eda completa del sitio web en marzo de 2020 por una empresa de desarrollo web externa para evaluar la accesibilidad y editar para cumplir con WCAG 2.1<\/li>\n<li id=\"u29421-74\">Capacitaci\u00f3n del personal para asegurarse de que puedan llenar cualquier brecha de accesibilidad del sitio web para los usuarios cuando sea necesario<\/li>\n<li>Incluyendo c\u00f3digo para trabajar con lectores de pantalla<\/li>\n<li>Se analiz\u00f3 y adapt\u00f3 toda la estructura del sitio para que los usuarios de todas las capacidades puedan acceder f\u00e1cilmente a la informaci\u00f3n y los servicios b\u00e1sicos.<\/li>\n<li>Se crearon formularios de contacto personalizados que cumplen con los est\u00e1ndares WCAG<\/li>\n<li>Transcripci\u00f3n de audio \/ visual incluida para el video de la p\u00e1gina de inicio<\/li>\n<li>Texto del enlace saliente editado para que se identifique correctamente<\/li>\n<li>Edit\u00f3 todo el texto del enlace para que se lea f\u00e1cilmente<\/li>\n<li>Se incluy\u00f3 una nueva navegaci\u00f3n en el pie de p\u00e1gina para que se pueda acceder a Accesibilidad y Mapa del sitio<\/li>\n<\/ol>\n<p>Esta declaraci\u00f3n fue creada el <span class=\"basic-information statement-created-date\" data-print=\"accstmt_date\" data-printdefault=\"DATE\">30 de marzo de 2020.<\/span><\/p>\n<\/div><\/div><style type=\"text\/css\">.fusion-body .fusion-builder-column-0{width:100% !important;margin-top : 0px;margin-bottom : 20px;}.fusion-builder-column-0 > .fusion-column-wrapper {padding-top : 0px !important;padding-right : 0px !important;margin-right : 1.92%;padding-bottom : 0px !important;padding-left : 0px !important;margin-left : 1.92%;}@media only screen and (max-width:1024px) {.fusion-body .fusion-builder-column-0{width:100% !important;order : 0;}.fusion-builder-column-0 > .fusion-column-wrapper {margin-right : 1.92%;margin-left : 1.92%;}}@media only screen and (max-width:640px) {.fusion-body .fusion-builder-column-0{width:100% !important;order : 0;}.fusion-builder-column-0 > .fusion-column-wrapper {margin-right : 1.92%;margin-left : 1.92%;}}<\/style><\/div><\/div><style type=\"text\/css\">.fusion-body .fusion-flex-container.fusion-builder-row-1{ padding-top : 0px;margin-top : 0px;padding-right : 0px;padding-bottom : 0px;margin-bottom : 0px;padding-left : 0px;}<\/style><\/div>","protected":false},"excerpt":{"rendered":"","protected":false},"author":1,"featured_media":0,"parent":0,"menu_order":0,"comment_status":"closed","ping_status":"closed","template":"100-width.php","meta":{"footnotes":""},"class_list":["post-58170","page","type-page","status-publish","hentry"],"aioseo_notices":[],"jetpack_sharing_enabled":true,"_links":{"self":[{"href":"https:\/\/www.survivorjusticecenter.org\/es\/wp-json\/wp\/v2\/pages\/58170","targetHints":{"allow":["GET"]}}],"collection":[{"href":"https:\/\/www.survivorjusticecenter.org\/es\/wp-json\/wp\/v2\/pages"}],"about":[{"href":"https:\/\/www.survivorjusticecenter.org\/es\/wp-json\/wp\/v2\/types\/page"}],"author":[{"embeddable":true,"href":"https:\/\/www.survivorjusticecenter.org\/es\/wp-json\/wp\/v2\/users\/1"}],"replies":[{"embeddable":true,"href":"https:\/\/www.survivorjusticecenter.org\/es\/wp-json\/wp\/v2\/comments?post=58170"}],"version-history":[{"count":12,"href":"https:\/\/www.survivorjusticecenter.org\/es\/wp-json\/wp\/v2\/pages\/58170\/revisions"}],"predecessor-version":[{"id":69551,"href":"https:\/\/www.survivorjusticecenter.org\/es\/wp-json\/wp\/v2\/pages\/58170\/revisions\/69551"}],"wp:attachment":[{"href":"https:\/\/www.survivorjusticecenter.org\/es\/wp-json\/wp\/v2\/media?parent=58170"}],"curies":[{"name":"gracias","href":"https:\/\/api.w.org\/{rel}","templated":true}]}}