{"id":57668,"date":"2020-12-05T01:52:56","date_gmt":"2020-12-05T01:52:56","guid":{"rendered":"https:\/\/www.laclj.org\/?page_id=57668"},"modified":"2025-08-29T18:55:53","modified_gmt":"2025-08-29T18:55:53","slug":"community-advocacy","status":"publish","type":"page","link":"https:\/\/www.survivorjusticecenter.org\/es\/community-advocacy\/","title":{"rendered":"Defensa comunitaria"},"content":{"rendered":"<p><div class=\"fusion-fullwidth fullwidth-box fusion-builder-row-1 fusion-flex-container fusion-parallax-none nonhundred-percent-fullwidth non-hundred-percent-height-scrolling\" style=\"background-color: rgba(255,255,255,0);background-image: url(&quot;https:\/\/www.survivorjusticecenter.org\/wp-content\/uploads\/2020\/12\/Women-meeting.jpg&quot;);background-image:linear-gradient(180deg, #ffffff 0%,rgba(255,255,255,0) 100%),url(https:\/\/www.survivorjusticecenter.org\/wp-content\/uploads\/2020\/12\/Women-meeting.jpg);background-position: center center;background-repeat: no-repeat;background-blend-mode: lighten;border-width: 0px 0px 0px 0px;border-color:#e2e2e2;border-style:solid;-webkit-background-size:cover;-moz-background-size:cover;-o-background-size:cover;background-size:cover;\" ><div class=\"fusion-builder-row fusion-row fusion-flex-align-items-stretch fusion-flex-justify-content-center\" style=\"max-width:1185.6px;margin-left: calc(-4% \/ 2 );margin-right: calc(-4% \/ 2 );\"><div class=\"fusion-layout-column fusion_builder_column fusion-builder-column-0 fusion_builder_column_4_5 4_5 fusion-flex-column fusion-animated\" data-animationtype=\"fadeInLeft\" data-animationduration=\"1.0\" data-animationoffset=\"bottom-in-view\"><div class=\"fusion-column-wrapper fusion-flex-justify-content-flex-start fusion-content-layout-column\" style=\"background-position:left top;background-repeat:no-repeat;-webkit-background-size:cover;-moz-background-size:cover;-o-background-size:cover;background-size:cover;border-radius:10px 10px 10px 10px;background-color:rgba(255,255,255,0.7);border-radius:10px 10px 10px 10px;overflow:hidden;padding: 0px 0px 0px 0px;\"><style type=\"text\/css\">@media only screen and (max-width:1024px) {.fusion-title.fusion-title-1{margin-top:10px!important; margin-right:0px!important;margin-bottom:15px!important;margin-left:0px!important;}}@media only screen and (max-width:640px) {.fusion-title.fusion-title-1{margin-top:10px!important; margin-right:0px!important;margin-bottom:10px!important; margin-left:0px!important;}}<\/style><div class=\"fusion-title title fusion-title-1 fusion-sep-none fusion-title-center fusion-title-text fusion-title-size-one\" style=\"margin-top:10px;margin-right:0px;margin-bottom:15px;margin-left:0px;\"><h1 class=\"title-heading-center fusion-responsive-typography-calculated\" style=\"margin:0;--fontSize:35.2;line-height:0.94;\">Defensa comunitaria<\/h1><\/div><\/div><style type=\"text\/css\">.fusion-body .fusion-builder-column-0{width:80% !important;margin-top : 0px;margin-bottom : 20px;}.fusion-builder-column-0 > .fusion-column-wrapper {padding-top : 0px !important;padding-right : 0px !important;margin-right : 2.4%;padding-bottom : 0px !important;padding-left : 0px !important;margin-left : 2.4%;}@media only screen and (max-width:1024px) {.fusion-body .fusion-builder-column-0{width:100% !important;order : 0;}.fusion-builder-column-0 > .fusion-column-wrapper {margin-right : 1.92%;margin-left : 1.92%;}}@media only screen and (max-width:640px) {.fusion-body .fusion-builder-column-0{width:100% !important;order : 0;}.fusion-builder-column-0 > .fusion-column-wrapper {margin-right : 1.92%;margin-left : 1.92%;}}<\/style><\/div><\/div><style type=\"text\/css\">.fusion-body .fusion-flex-container.fusion-builder-row-1{ padding-top : 100px;margin-top : 0px;padding-right : 0px;padding-bottom : 100px;margin-bottom : 60px;padding-left : 0px;}<\/style><\/div><div class=\"fusion-fullwidth fullwidth-box fusion-builder-row-2 fusion-flex-container nonhundred-percent-fullwidth non-hundred-percent-height-scrolling\" style=\"background-color: rgba(255,255,255,0);background-position: center center;background-repeat: no-repeat;border-width: 0px 0px 0px 0px;border-color:#e2e2e2;border-style:solid;\" ><div class=\"fusion-builder-row fusion-row fusion-flex-align-items-flex-start\" style=\"max-width:1185.6px;margin-left: calc(-4% \/ 2 );margin-right: calc(-4% \/ 2 );\"><div class=\"fusion-layout-column fusion_builder_column fusion-builder-column-1 fusion_builder_column_2_5 2_5 fusion-flex-column\"><div class=\"fusion-column-wrapper fusion-flex-justify-content-flex-start fusion-content-layout-column\" style=\"background-position:left top;background-repeat:no-repeat;-webkit-background-size:cover;-moz-background-size:cover;-o-background-size:cover;background-size:cover;padding: 0px 0px 0px 0px;\"><div ><span class=\"fusion-imageframe imageframe-none imageframe-1 hover-type-none\"><img decoding=\"async\" width=\"2048\" height=\"1520\" title=\"cca-group-pic-large\" src=\"https:\/\/www.survivorjusticecenter.org\/wp-content\/uploads\/2016\/08\/cca-group-pic-large.png\" alt class=\"img-responsive wp-image-3220\" srcset=\"https:\/\/www.survivorjusticecenter.org\/wp-content\/uploads\/2016\/08\/cca-group-pic-large-200x148.png 200w, https:\/\/www.survivorjusticecenter.org\/wp-content\/uploads\/2016\/08\/cca-group-pic-large-400x297.png 400w, https:\/\/www.survivorjusticecenter.org\/wp-content\/uploads\/2016\/08\/cca-group-pic-large-600x445.png 600w, https:\/\/www.survivorjusticecenter.org\/wp-content\/uploads\/2016\/08\/cca-group-pic-large-800x594.png 800w, https:\/\/www.survivorjusticecenter.org\/wp-content\/uploads\/2016\/08\/cca-group-pic-large-1200x891.png 1200w, https:\/\/www.survivorjusticecenter.org\/wp-content\/uploads\/2016\/08\/cca-group-pic-large.png 2048w\" sizes=\"(max-width: 1024px) 100vw, (max-width: 640px) 100vw, 600px\" \/><\/span><\/div><\/div><style type=\"text\/css\">.fusion-body .fusion-builder-column-1{width:40% !important;margin-top : 0px;margin-bottom : 20px;}.fusion-builder-column-1 > .fusion-column-wrapper {padding-top : 0px !important;padding-right : 0px !important;margin-right : 4.8%;padding-bottom : 0px !important;padding-left : 0px !important;margin-left : 4.8%;}@media only screen and (max-width:1024px) {.fusion-body .fusion-builder-column-1{width:100% !important;order : 0;}.fusion-builder-column-1 > .fusion-column-wrapper {margin-right : 1.92%;margin-left : 1.92%;}}@media only screen and (max-width:640px) {.fusion-body .fusion-builder-column-1{width:100% !important;order : 0;}.fusion-builder-column-1 > .fusion-column-wrapper {margin-right : 1.92%;margin-left : 1.92%;}}<\/style><\/div><div class=\"fusion-layout-column fusion_builder_column fusion-builder-column-2 fusion_builder_column_3_5 3_5 fusion-flex-column\"><div class=\"fusion-column-wrapper fusion-flex-justify-content-flex-start fusion-content-layout-column\" style=\"background-position:left top;background-repeat:no-repeat;-webkit-background-size:cover;-moz-background-size:cover;-o-background-size:cover;background-size:cover;padding: 0px 0px 0px 0px;\"><div class=\"fusion-text fusion-text-1\"><h2 style=\"text-align: center;\">Descripci\u00f3n del programa<\/h2>\n<p><span style=\"font-weight: 400;\">Survivor Justice Center&#039;s <\/span><b>Defensa comunitaria<\/b><span style=\"font-weight: 400;\"> Los servicios est\u00e1n integrados en los servicios legales de Survivor Justice Center. Los defensores de la comunidad son trabajadores sociales en formaci\u00f3n, que trabajan bajo la direcci\u00f3n del abogado para ayudar a los clientes con necesidades no legales que puedan tener relacionadas con su caso legal. El proceso legal es dif\u00edcil y no est\u00e1 dise\u00f1ado para ser amigable con los sobrevivientes. Los defensores de la comunidad son parte del equipo legal para tratar de hacer que el proceso sea un poco m\u00e1s f\u00e1cil y productivo para los clientes. Los defensores de la comunidad pueden ayudar a un cliente a lo largo de todo su viaje con Survivor Justice Center, desde la entrevista de admisi\u00f3n hasta la salida, para ayudar al cliente a lograr sus objetivos. El defensor de la comunidad puede proporcionar muchos tipos diferentes de servicios de apoyo, seg\u00fan las necesidades del cliente, tales como:<\/span><\/p>\n<\/div><\/div><style type=\"text\/css\">.fusion-body .fusion-builder-column-2{width:60% !important;margin-top : 0px;margin-bottom : 20px;}.fusion-builder-column-2 > .fusion-column-wrapper {padding-top : 0px !important;padding-right : 0px !important;margin-right : 3.2%;padding-bottom : 0px !important;padding-left : 0px !important;margin-left : 3.2%;}@media only screen and (max-width:1024px) {.fusion-body .fusion-builder-column-2{width:100% !important;order : 0;}.fusion-builder-column-2 > .fusion-column-wrapper {margin-right : 1.92%;margin-left : 1.92%;}}@media only screen and (max-width:640px) {.fusion-body .fusion-builder-column-2{width:100% !important;order : 0;}.fusion-builder-column-2 > .fusion-column-wrapper {margin-right : 1.92%;margin-left : 1.92%;}}<\/style><\/div><div class=\"fusion-layout-column fusion_builder_column fusion-builder-column-3 fusion_builder_column_1_1 1_1 fusion-flex-column\"><div class=\"fusion-column-wrapper fusion-flex-justify-content-flex-start fusion-content-layout-column\" style=\"background-position:left top;background-repeat:no-repeat;-webkit-background-size:cover;-moz-background-size:cover;-o-background-size:cover;background-size:cover;padding: 0px 0px 0px 0px;\"><div class=\"fusion-text fusion-text-2\"><div id=\"main-content\">\n<article id=\"post-2249\" class=\"post-2249 page type-page status-publish hentry\">\n<div class=\"entry-content\">\n<div id=\"et-boc\" class=\"et-boc\">\n<div class=\"et-l et-l--post\">\n<div class=\"et_builder_inner_content et_pb_gutters3\">\n<div class=\"et_pb_section et_pb_section_2 et_section_regular\">\n<div class=\"et_pb_row et_pb_row_0\">\n<div class=\"et_pb_column et_pb_column_4_4 et_pb_column_0 et_pb_css_mix_blend_mode_passthrough et-last-child\">\n<div class=\"et_pb_module et_pb_text et_pb_text_0 et_pb_text_align_left et_pb_bg_layout_light\">\n<div class=\"et_pb_text_inner\">\n<h2><b>Acompa\u00f1amiento a la corte<\/b><\/h2>\n<p><span style=\"font-weight: 400;\">Los defensores de la comunidad brindan apoyo emocional a los clientes antes, durante y despu\u00e9s de los procedimientos, tales como \u00f3rdenes de restricci\u00f3n y otras audiencias en tribunales penales y familiares, as\u00ed como mediaciones y entrevistas con las fuerzas del orden. Los clientes que son sobrevivientes de violencia dom\u00e9stica o sexual a menudo solicitan apoyo cuando los procedimientos implican enfrentar a la persona que los ha lastimado. Los defensores pueden ayudar a los clientes a trabajar con los procedimientos judiciales, identificar las medidas de seguridad y tambi\u00e9n brindar apoyo posterior a la audiencia.<\/span><\/p>\n<h2><b>Planificaci\u00f3n de seguridad<\/b><\/h2>\n<p><span style=\"font-weight: 400;\">Los defensores de la comunidad ayudan a los clientes con la planificaci\u00f3n de la seguridad. Un plan de seguridad es una estrategia pr\u00e1ctica y personalizada que aborda formas de permanecer seguro en situaciones peligrosas. La planificaci\u00f3n de la seguridad es especialmente importante para las sobrevivientes de violencia dom\u00e9stica o sexual, ya sea que se hayan ido, est\u00e9n planeando irse o est\u00e9n viviendo con una persona abusiva. A trav\u00e9s de la planificaci\u00f3n de la seguridad, los sobrevivientes se preparan para proteger su seguridad f\u00edsica, la seguridad de sus hijos, as\u00ed como sus propiedades y finanzas.<\/span><\/p>\n<h2><b>Navegaci\u00f3n<\/b><\/h2>\n<p><span style=\"font-weight: 400;\">Los defensores de la comunidad ayudan a los clientes a navegar por el servicio p\u00fablico u otros sistemas con los que un cliente pueda necesitar ayuda, como servicios m\u00e9dicos, de salud mental, beneficios p\u00fablicos, vivienda, transporte, inmigraci\u00f3n, tribunales de dependencia \/ servicios de protecci\u00f3n infantil y sistemas de registros p\u00fablicos. Esta burocracia puede resultar confusa para los clientes, especialmente para los clientes que son inmigrantes, que no hablan ingl\u00e9s, est\u00e1n traumatizados o tienen discapacidades u otras necesidades de acceso. Un defensor de la comunidad puede ayudar a un cliente a navegar por estos sistemas para obtener el mejor resultado posible.<\/span><\/p>\n<h2><b>V\u00ednculos<\/b><\/h2>\n<p><span style=\"font-weight: 400;\">Los defensores de la comunidad conectan a los clientes con otros recursos de la comunidad, como refugio, asesoramiento, atenci\u00f3n m\u00e9dica, asistencia alimentaria y de vivienda. Los defensores de la comunidad trabajan individualmente con los clientes para identificar sus necesidades y luego investigan para encontrar los mejores recursos para que el cliente satisfaga sus necesidades seg\u00fan la ubicaci\u00f3n, los idiomas, la capacidad de respuesta cultural y m\u00e1s.<\/span><\/p>\n<\/div>\n<\/div>\n<\/div>\n<\/div>\n<\/div>\n<\/div>\n<\/div>\n<\/div>\n<\/div>\n<\/article>\n<\/div>\n<\/div><\/div><style type=\"text\/css\">.fusion-body .fusion-builder-column-3{width:100% !important;margin-top : 0px;margin-bottom : 20px;}.fusion-builder-column-3 > .fusion-column-wrapper {padding-top : 0px !important;padding-right : 0px !important;margin-right : 1.92%;padding-bottom : 0px !important;padding-left : 0px !important;margin-left : 1.92%;}@media only screen and (max-width:1024px) {.fusion-body .fusion-builder-column-3{width:100% !important;order : 0;}.fusion-builder-column-3 > .fusion-column-wrapper {margin-right : 1.92%;margin-left : 1.92%;}}@media only screen and (max-width:640px) {.fusion-body .fusion-builder-column-3{width:100% !important;order : 0;}.fusion-builder-column-3 > .fusion-column-wrapper {margin-right : 1.92%;margin-left : 1.92%;}}<\/style><\/div><\/div><style type=\"text\/css\">.fusion-body .fusion-flex-container.fusion-builder-row-2{ padding-top : 0px;margin-top : 0px;padding-right : 0px;padding-bottom : 0px;margin-bottom : 0px;padding-left : 0px;}<\/style><\/div><\/p>","protected":false},"excerpt":{"rendered":"","protected":false},"author":1,"featured_media":57669,"parent":0,"menu_order":0,"comment_status":"closed","ping_status":"closed","template":"100-width.php","meta":{"footnotes":""},"class_list":["post-57668","page","type-page","status-publish","has-post-thumbnail","hentry"],"aioseo_notices":[],"jetpack_sharing_enabled":true,"_links":{"self":[{"href":"https:\/\/www.survivorjusticecenter.org\/es\/wp-json\/wp\/v2\/pages\/57668","targetHints":{"allow":["GET"]}}],"collection":[{"href":"https:\/\/www.survivorjusticecenter.org\/es\/wp-json\/wp\/v2\/pages"}],"about":[{"href":"https:\/\/www.survivorjusticecenter.org\/es\/wp-json\/wp\/v2\/types\/page"}],"author":[{"embeddable":true,"href":"https:\/\/www.survivorjusticecenter.org\/es\/wp-json\/wp\/v2\/users\/1"}],"replies":[{"embeddable":true,"href":"https:\/\/www.survivorjusticecenter.org\/es\/wp-json\/wp\/v2\/comments?post=57668"}],"version-history":[{"count":7,"href":"https:\/\/www.survivorjusticecenter.org\/es\/wp-json\/wp\/v2\/pages\/57668\/revisions"}],"predecessor-version":[{"id":60179,"href":"https:\/\/www.survivorjusticecenter.org\/es\/wp-json\/wp\/v2\/pages\/57668\/revisions\/60179"}],"wp:featuredmedia":[{"embeddable":true,"href":"https:\/\/www.survivorjusticecenter.org\/es\/wp-json\/wp\/v2\/media\/57669"}],"wp:attachment":[{"href":"https:\/\/www.survivorjusticecenter.org\/es\/wp-json\/wp\/v2\/media?parent=57668"}],"curies":[{"name":"gracias","href":"https:\/\/api.w.org\/{rel}","templated":true}]}}