{"id":57649,"date":"2020-12-05T00:38:56","date_gmt":"2020-12-05T00:38:56","guid":{"rendered":"https:\/\/www.laclj.org\/?page_id=57649"},"modified":"2026-03-27T19:16:52","modified_gmt":"2026-03-27T19:16:52","slug":"domestic-violence-restraining-orders","status":"publish","type":"page","link":"https:\/\/www.survivorjusticecenter.org\/es\/domestic-violence-restraining-orders\/","title":{"rendered":"\u00d3rdenes de restricci\u00f3n por violencia dom\u00e9stica"},"content":{"rendered":"<p><div class=\"fusion-fullwidth fullwidth-box fusion-builder-row-1 fusion-flex-container fusion-parallax-none nonhundred-percent-fullwidth non-hundred-percent-height-scrolling\" style=\"background-color: rgba(255,255,255,0);background-image: url(&quot;https:\/\/www.survivorjusticecenter.org\/wp-content\/uploads\/2020\/12\/judge-with-gavel.jpg&quot;);background-image:linear-gradient(180deg, #ffffff 0%,rgba(255,255,255,0) 100%),url(https:\/\/www.survivorjusticecenter.org\/wp-content\/uploads\/2020\/12\/judge-with-gavel.jpg);background-position: center center;background-repeat: no-repeat;background-blend-mode: lighten;border-width: 0px 0px 0px 0px;border-color:#e2e2e2;border-style:solid;-webkit-background-size:cover;-moz-background-size:cover;-o-background-size:cover;background-size:cover;\" ><div class=\"fusion-builder-row fusion-row fusion-flex-align-items-stretch fusion-flex-justify-content-center\" style=\"max-width:1185.6px;margin-left: calc(-4% \/ 2 );margin-right: calc(-4% \/ 2 );\"><div class=\"fusion-layout-column fusion_builder_column fusion-builder-column-0 fusion_builder_column_4_5 4_5 fusion-flex-column fusion-animated\" data-animationType=\"fadeInLeft\" data-animationDuration=\"1.0\" data-animationOffset=\"bottom-in-view\"><div class=\"fusion-column-wrapper fusion-flex-justify-content-flex-start fusion-content-layout-column\" style=\"background-position:left top;background-repeat:no-repeat;-webkit-background-size:cover;-moz-background-size:cover;-o-background-size:cover;background-size:cover;border-radius:10px 10px 10px 10px;background-color:rgba(255,255,255,0.7);border-radius:10px 10px 10px 10px;overflow:hidden;padding: 0px 0px 0px 0px;\"><style type=\"text\/css\">@media only screen and (max-width:1024px) {.fusion-title.fusion-title-1{margin-top:10px!important; margin-right:0px!important;margin-bottom:15px!important;margin-left:0px!important;}}@media only screen and (max-width:640px) {.fusion-title.fusion-title-1{margin-top:10px!important; margin-right:0px!important;margin-bottom:10px!important; margin-left:0px!important;}}<\/style><div class=\"fusion-title title fusion-title-1 fusion-sep-none fusion-title-center fusion-title-text fusion-title-size-one\" style=\"margin-top:10px;margin-right:0px;margin-bottom:15px;margin-left:0px;\"><h1 class=\"title-heading-center fusion-responsive-typography-calculated\" style=\"margin:0;--fontSize:35.2;line-height:0.94;\">Los Angeles Restraining Order Attorney: Domestic Violence Orders<\/h1><\/div><\/div><style type=\"text\/css\">.fusion-body .fusion-builder-column-0{width:80% !important;margin-top : 0px;margin-bottom : 20px;}.fusion-builder-column-0 > .fusion-column-wrapper {padding-top : 0px !important;padding-right : 0px !important;margin-right : 2.4%;padding-bottom : 0px !important;padding-left : 0px !important;margin-left : 2.4%;}@media only screen and (max-width:1024px) {.fusion-body .fusion-builder-column-0{width:100% !important;order : 0;}.fusion-builder-column-0 > .fusion-column-wrapper {margin-right : 1.92%;margin-left : 1.92%;}}@media only screen and (max-width:640px) {.fusion-body .fusion-builder-column-0{width:100% !important;order : 0;}.fusion-builder-column-0 > .fusion-column-wrapper {margin-right : 1.92%;margin-left : 1.92%;}}<\/style><\/div><\/div><style type=\"text\/css\">.fusion-body .fusion-flex-container.fusion-builder-row-1{ padding-top : 100px;margin-top : 0px;padding-right : 0px;padding-bottom : 100px;margin-bottom : 60px;padding-left : 0px;}<\/style><\/div><div class=\"fusion-fullwidth fullwidth-box fusion-builder-row-2 fusion-flex-container nonhundred-percent-fullwidth non-hundred-percent-height-scrolling\" style=\"background-color: rgba(255,255,255,0);background-position: center center;background-repeat: no-repeat;border-width: 0px 0px 0px 0px;border-color:#e2e2e2;border-style:solid;\" ><div class=\"fusion-builder-row fusion-row fusion-flex-align-items-flex-start\" style=\"max-width:1185.6px;margin-left: calc(-4% \/ 2 );margin-right: calc(-4% \/ 2 );\"><div class=\"fusion-layout-column fusion_builder_column fusion-builder-column-1 fusion_builder_column_1_1 1_1 fusion-flex-column\"><div class=\"fusion-column-wrapper fusion-flex-justify-content-flex-start fusion-content-layout-column\" style=\"background-position:left top;background-repeat:no-repeat;-webkit-background-size:cover;-moz-background-size:cover;-o-background-size:cover;background-size:cover;border-radius:10px 10px 10px 10px;background-color:#fcfcfc;border-width: 1px 1px 1px 1px;border-color:#cecece;border-style:solid;border-radius:10px 10px 10px 10px;overflow:hidden;padding: 50px 50px 50px 50px;\"><div class=\"fusion-text fusion-text-1\"><h3 style=\"text-align: center;\"><span style=\"font-weight: 400;\">A domestic violence restraining order is a court order that helps protect people from abuse or threats of abuse from someone with whom they have a close relationship. If you are seeking protection, contact a Los Angeles restraining order attorney today. <\/span><b>A restraining order will not guarantee that the abuse will stop, but it may be helpful in some ways.<\/b><span style=\"font-weight: 400;\">\u00a0<\/span><\/h3>\n<p style=\"text-align: center;\"><span style=\"font-weight: 400;\">If you need help deciding whether going to court for a restraining order is the best choice for you, please contact a local domestic violence hotline, such as the Los Angeles County Domestic Violence Hotline <a href=\"tel:+1-800-978-3600\">(800) 978-3600<\/a>.<\/span><\/p>\n<\/div><\/div><style type=\"text\/css\">.fusion-body .fusion-builder-column-1{width:100% !important;margin-top : 0px;margin-bottom : 20px;}.fusion-builder-column-1 > .fusion-column-wrapper {padding-top : 50px !important;padding-right : 50px !important;margin-right : 1.92%;padding-bottom : 50px !important;padding-left : 50px !important;margin-left : 1.92%;}@media only screen and (max-width:1024px) {.fusion-body .fusion-builder-column-1{width:100% !important;order : 0;}.fusion-builder-column-1 > .fusion-column-wrapper {margin-right : 1.92%;margin-left : 1.92%;}}@media only screen and (max-width:640px) {.fusion-body .fusion-builder-column-1{width:100% !important;order : 0;}.fusion-builder-column-1 > .fusion-column-wrapper {margin-right : 1.92%;margin-left : 1.92%;}}<\/style><\/div><div class=\"fusion-layout-column fusion_builder_column fusion-builder-column-2 fusion_builder_column_1_1 1_1 fusion-flex-column\"><div class=\"fusion-column-wrapper fusion-flex-justify-content-flex-start fusion-content-layout-column\" style=\"background-position:left top;background-repeat:no-repeat;-webkit-background-size:cover;-moz-background-size:cover;-o-background-size:cover;background-size:cover;padding: 0px 0px 0px 0px;\"><div class=\"fusion-separator fusion-full-width-sep\" style=\"align-self: center;margin-left: auto;margin-right: auto;margin-top:20px;margin-bottom:20px;width:100%;\"><div class=\"fusion-separator-border sep-single sep-solid\" style=\"border-color:#333333;border-top-width:1px;\"><\/div><\/div><\/div><style type=\"text\/css\">.fusion-body .fusion-builder-column-2{width:100% !important;margin-top : 0px;margin-bottom : 20px;}.fusion-builder-column-2 > .fusion-column-wrapper {padding-top : 0px !important;padding-right : 0px !important;margin-right : 1.92%;padding-bottom : 0px !important;padding-left : 0px !important;margin-left : 1.92%;}@media only screen and (max-width:1024px) {.fusion-body .fusion-builder-column-2{width:100% !important;order : 0;}.fusion-builder-column-2 > .fusion-column-wrapper {margin-right : 1.92%;margin-left : 1.92%;}}@media only screen and (max-width:640px) {.fusion-body .fusion-builder-column-2{width:100% !important;order : 0;}.fusion-builder-column-2 > .fusion-column-wrapper {margin-right : 1.92%;margin-left : 1.92%;}}<\/style><\/div><div class=\"fusion-layout-column fusion_builder_column fusion-builder-column-3 fusion_builder_column_1_2 1_2 fusion-flex-column\"><div class=\"fusion-column-wrapper fusion-flex-justify-content-flex-start fusion-content-layout-column\" style=\"background-position:left top;background-repeat:no-repeat;-webkit-background-size:cover;-moz-background-size:cover;-o-background-size:cover;background-size:cover;padding: 0px 0px 0px 0px;\"><div class=\"fusion-text fusion-text-2\"><p><b>You can ask for a domestic violence restraining order if:<\/b><\/p>\n<p><span style=\"font-weight: 400;\">1. A person has abused (or threatened to abuse) you;\u00a0<\/span><\/p>\n<p><span style=\"font-weight: 400;\">AND<\/span><\/p>\n<p><span style=\"font-weight: 400;\">2.You have a close relationship with that person, like you are:<\/span><\/p>\n<ul>\n<li style=\"font-weight: 400;\"><span style=\"font-weight: 400;\">Married or registered domestic partners,<\/span><\/li>\n<li style=\"font-weight: 400;\"><span style=\"font-weight: 400;\">Divorced or separated,<\/span><\/li>\n<li style=\"font-weight: 400;\"><span style=\"font-weight: 400;\">Dating or used to date,<\/span><\/li>\n<li style=\"font-weight: 400;\"><span style=\"font-weight: 400;\">Living together or used to live together (more than roommates),<\/span><\/li>\n<li style=\"font-weight: 400;\"><span style=\"font-weight: 400;\">Parents together of a child, OR<\/span><\/li>\n<li style=\"font-weight: 400;\"><span style=\"font-weight: 400;\">Closely related (parent, child, brother, sister, grandmother, grandfather, in-law).<\/span><\/li>\n<\/ul>\n<\/div><\/div><style type=\"text\/css\">.fusion-body .fusion-builder-column-3{width:50% !important;margin-top : 0px;margin-bottom : 20px;}.fusion-builder-column-3 > .fusion-column-wrapper {padding-top : 0px !important;padding-right : 0px !important;margin-right : 3.84%;padding-bottom : 0px !important;padding-left : 0px !important;margin-left : 3.84%;}@media only screen and (max-width:1024px) {.fusion-body .fusion-builder-column-3{width:100% !important;order : 0;}.fusion-builder-column-3 > .fusion-column-wrapper {margin-right : 1.92%;margin-left : 1.92%;}}@media only screen and (max-width:640px) {.fusion-body .fusion-builder-column-3{width:100% !important;order : 0;}.fusion-builder-column-3 > .fusion-column-wrapper {margin-right : 1.92%;margin-left : 1.92%;}}<\/style><\/div><div class=\"fusion-layout-column fusion_builder_column fusion-builder-column-4 fusion_builder_column_1_2 1_2 fusion-flex-column\"><div class=\"fusion-column-wrapper fusion-flex-justify-content-flex-start fusion-content-layout-column\" style=\"background-position:left top;background-repeat:no-repeat;-webkit-background-size:cover;-moz-background-size:cover;-o-background-size:cover;background-size:cover;padding: 0px 0px 0px 0px;\"><div class=\"fusion-text fusion-text-3\"><p><b>Some things a restraining order can do<\/b><\/p>\n<p><span style=\"font-weight: 400;\">A restraining order is a court order. It can order the restrained person to:<\/span><\/p>\n<ul>\n<li style=\"font-weight: 400;\"><span style=\"font-weight: 400;\">Not contact or go near you, your children, other relatives, or others who live with you<\/span><\/li>\n<li style=\"font-weight: 400;\"><span style=\"font-weight: 400;\">Stay away from your home, work, or your children\u2019s schools<\/span><\/li>\n<li style=\"font-weight: 400;\"><span style=\"font-weight: 400;\">Move out of your house (even if you live together)<\/span><\/li>\n<li style=\"font-weight: 400;\"><span style=\"font-weight: 400;\">Not have a gun<\/span><\/li>\n<li style=\"font-weight: 400;\"><span style=\"font-weight: 400;\">Follow child custody and visitation orders<\/span><\/li>\n<li style=\"font-weight: 400;\"><span style=\"font-weight: 400;\">Pay child support<\/span><\/li>\n<li style=\"font-weight: 400;\"><span style=\"font-weight: 400;\">Pay certain bills<\/span><\/li>\n<li style=\"font-weight: 400;\"><span style=\"font-weight: 400;\">Complete a 52-week batterer intervention program<\/span><\/li>\n<\/ul>\n<\/div><\/div><style type=\"text\/css\">.fusion-body .fusion-builder-column-4{width:50% !important;margin-top : 0px;margin-bottom : 20px;}.fusion-builder-column-4 > .fusion-column-wrapper {padding-top : 0px !important;padding-right : 0px !important;margin-right : 3.84%;padding-bottom : 0px !important;padding-left : 0px !important;margin-left : 3.84%;}@media only screen and (max-width:1024px) {.fusion-body .fusion-builder-column-4{width:100% !important;order : 0;}.fusion-builder-column-4 > .fusion-column-wrapper {margin-right : 1.92%;margin-left : 1.92%;}}@media only screen and (max-width:640px) {.fusion-body .fusion-builder-column-4{width:100% !important;order : 0;}.fusion-builder-column-4 > .fusion-column-wrapper {margin-right : 1.92%;margin-left : 1.92%;}}<\/style><\/div><div class=\"fusion-layout-column fusion_builder_column fusion-builder-column-5 fusion_builder_column_1_1 1_1 fusion-flex-column\"><div class=\"fusion-column-wrapper fusion-flex-justify-content-flex-start fusion-content-layout-column\" style=\"background-position:left top;background-repeat:no-repeat;-webkit-background-size:cover;-moz-background-size:cover;-o-background-size:cover;background-size:cover;padding: 0px 0px 0px 0px;\"><style type=\"text\/css\">@media only screen and (max-width:1024px) {.fusion-title.fusion-title-2{margin-top:10px!important; margin-right:0px!important;margin-bottom:15px!important;margin-left:0px!important;}}@media only screen and (max-width:640px) {.fusion-title.fusion-title-2{margin-top:10px!important; margin-right:0px!important;margin-bottom:10px!important; margin-left:0px!important;}}<\/style><div class=\"fusion-title title fusion-title-2 fusion-sep-none fusion-title-center fusion-title-text fusion-title-size-two\" style=\"margin-top:10px;margin-right:0px;margin-bottom:15px;margin-left:0px;\"><h2 class=\"title-heading-center fusion-responsive-typography-calculated\" style=\"margin:0;--fontSize:28.8;line-height:1.13;\">Los Angeles Restraining Order Attorneys<\/h2><\/div><div class=\"fusion-text fusion-text-4\"><p><span style=\"font-weight: 400;\">Survivor Justice Center&#8217;s pro bono restraining order attorneys offer a confidential relationship within which a survivor can learn about their rights, weigh their options and make informed and empowered choices for themselves and their families.<\/span><\/p>\n<p><b>Survivor Justice Center&#8217;s restraining order attorneys can help you with your restraining order hearing. <\/b><span style=\"text-decoration: underline;\"><strong><a href=\"\/services-request\">To apply for services please CLICK HERE.<\/a><\/strong><\/span><\/p>\n<\/div><script type=\"application\/ld+json\">\n{\n  \"@context\": \"https:\/\/schema.org\",\n  \"@type\": \"Service\",\n  \"serviceType\": \"Los Angeles Restraining Order Attorney Assistance\",\n  \"provider\": {\n    \"@type\": \"LegalService\",\n    \"name\": \"Survivor Justice Center\",\n    \"image\": \"https:\/\/www.survivorjusticecenter.org\/wp-content\/uploads\/2025\/11\/SJC_Horizontal_fullcolor_TM-2-01-600x270.png\",\n    \"address\": {\n      \"@type\": \"PostalAddress\",\n      \"addressLocality\": \"Los Angeles\",\n      \"addressRegion\": \"CA\",\n      \"addressCountry\": \"US\"\n    },\n    \"telephone\": \"+1-323-980-3500\",\n    \"url\": \"https:\/\/www.survivorjusticecenter.org\/domestic-violence-restraining-orders\/\"\n  },\n  \"areaServed\": {\n    \"@type\": \"City\",\n    \"name\": \"Los Angeles\"\n  },\n  \"description\": \"Pro bono legal representation and assistance from a dedicated Los Angeles restraining order attorney. Helping survivors of domestic violence secure court protection, stay-away orders, and legal safety.\",\n  \"hasOfferCatalog\": {\n    \"@type\": \"OfferCatalog\",\n    \"name\": \"Restraining Order Services\",\n    \"itemListElement\": [\n      {\n        \"@type\": \"Offer\",\n        \"itemOffered\": {\n          \"@type\": \"Service\",\n          \"name\": \"Domestic Violence Restraining Order Representation\",\n          \"description\": \"Professional attorney representation for restraining order hearings in Los Angeles courts.\"\n        },\n        \"price\": \"0.00\",\n        \"priceCurrency\": \"USD\",\n        \"description\": \"Pro bono legal services for survivors of domestic violence in Los Angeles.\"\n      }\n    ]\n  },\n  \"mainEntityOfPage\": \"https:\/\/www.survivorjusticecenter.org\/domestic-violence-restraining-orders\/\"\n}\n<\/script><\/div><style type=\"text\/css\">.fusion-body .fusion-builder-column-5{width:100% !important;margin-top : 0px;margin-bottom : 20px;}.fusion-builder-column-5 > .fusion-column-wrapper {padding-top : 0px !important;padding-right : 0px !important;margin-right : 1.92%;padding-bottom : 0px !important;padding-left : 0px !important;margin-left : 1.92%;}@media only screen and (max-width:1024px) {.fusion-body .fusion-builder-column-5{width:100% !important;order : 0;}.fusion-builder-column-5 > .fusion-column-wrapper {margin-right : 1.92%;margin-left : 1.92%;}}@media only screen and (max-width:640px) {.fusion-body .fusion-builder-column-5{width:100% !important;order : 0;}.fusion-builder-column-5 > .fusion-column-wrapper {margin-right : 1.92%;margin-left : 1.92%;}}<\/style><\/div><\/div><style type=\"text\/css\">.fusion-body .fusion-flex-container.fusion-builder-row-2{ padding-top : 0px;margin-top : 0px;padding-right : 0px;padding-bottom : 0px;margin-bottom : 0px;padding-left : 0px;}<\/style><\/div><\/p>\n","protected":false},"excerpt":{"rendered":"","protected":false},"author":1,"featured_media":58251,"parent":0,"menu_order":0,"comment_status":"closed","ping_status":"closed","template":"100-width.php","meta":{"footnotes":""},"class_list":["post-57649","page","type-page","status-publish","has-post-thumbnail","hentry"],"aioseo_notices":[],"jetpack_sharing_enabled":true,"_links":{"self":[{"href":"https:\/\/www.survivorjusticecenter.org\/es\/wp-json\/wp\/v2\/pages\/57649","targetHints":{"allow":["GET"]}}],"collection":[{"href":"https:\/\/www.survivorjusticecenter.org\/es\/wp-json\/wp\/v2\/pages"}],"about":[{"href":"https:\/\/www.survivorjusticecenter.org\/es\/wp-json\/wp\/v2\/types\/page"}],"author":[{"embeddable":true,"href":"https:\/\/www.survivorjusticecenter.org\/es\/wp-json\/wp\/v2\/users\/1"}],"replies":[{"embeddable":true,"href":"https:\/\/www.survivorjusticecenter.org\/es\/wp-json\/wp\/v2\/comments?post=57649"}],"version-history":[{"count":10,"href":"https:\/\/www.survivorjusticecenter.org\/es\/wp-json\/wp\/v2\/pages\/57649\/revisions"}],"predecessor-version":[{"id":70091,"href":"https:\/\/www.survivorjusticecenter.org\/es\/wp-json\/wp\/v2\/pages\/57649\/revisions\/70091"}],"wp:featuredmedia":[{"embeddable":true,"href":"https:\/\/www.survivorjusticecenter.org\/es\/wp-json\/wp\/v2\/media\/58251"}],"wp:attachment":[{"href":"https:\/\/www.survivorjusticecenter.org\/es\/wp-json\/wp\/v2\/media?parent=57649"}],"curies":[{"name":"gracias","href":"https:\/\/api.w.org\/{rel}","templated":true}]}}