{"id":57600,"date":"2020-12-03T16:32:48","date_gmt":"2020-12-03T16:32:48","guid":{"rendered":"https:\/\/www.laclj.org\/?page_id=57600"},"modified":"2020-12-08T22:06:21","modified_gmt":"2020-12-08T22:06:21","slug":"latest-news","status":"publish","type":"page","link":"https:\/\/www.survivorjusticecenter.org\/es\/latest-news\/","title":{"rendered":"\u00daltimas noticias"},"content":{"rendered":"<div class=\"fusion-fullwidth fullwidth-box fusion-builder-row-1 fusion-flex-container nonhundred-percent-fullwidth non-hundred-percent-height-scrolling\" style=\"background-color: rgba(255,255,255,0);background-position: center center;background-repeat: no-repeat;border-width: 0px 0px 0px 0px;border-color:#e2e2e2;border-style:solid;\" ><div class=\"fusion-builder-row fusion-row fusion-flex-align-items-flex-start\" style=\"max-width:1185.6px;margin-left: calc(-4% \/ 2 );margin-right: calc(-4% \/ 2 );\"><div class=\"fusion-layout-column fusion_builder_column fusion-builder-column-0 fusion_builder_column_1_1 1_1 fusion-flex-column\"><div class=\"fusion-column-wrapper fusion-flex-justify-content-flex-start fusion-content-layout-column\" style=\"background-position:left top;background-repeat:no-repeat;-webkit-background-size:cover;-moz-background-size:cover;-o-background-size:cover;background-size:cover;padding: 0px 0px 0px 0px;\"><style type=\"text\/css\">@media only screen and (max-width:1024px) {.fusion-title.fusion-title-1{margin-top:10px!important; margin-right:0px!important;margin-bottom:15px!important;margin-left:0px!important;}}@media only screen and (max-width:640px) {.fusion-title.fusion-title-1{margin-top:10px!important; margin-right:0px!important;margin-bottom:10px!important; margin-left:0px!important;}}<\/style><div class=\"fusion-title title fusion-title-1 fusion-sep-none fusion-title-text fusion-title-size-one\" style=\"margin-top:10px;margin-right:0px;margin-bottom:15px;margin-left:0px;\"><h1 class=\"title-heading-left fusion-responsive-typography-calculated\" style=\"margin:0;--fontSize:35.2;line-height:0.94;\">\u00daltimas noticias<\/h1><\/div><div class=\"fusion-separator fusion-full-width-sep\" style=\"align-self: center;margin-left: auto;margin-right: auto;margin-top:20px;margin-bottom:40px;width:100%;\"><div class=\"fusion-separator-border sep-double sep-solid\" style=\"border-color:#333333;border-top-width:2px;border-bottom-width:2px;\"><\/div><\/div><div class=\"fusion-blog-shortcode fusion-blog-shortcode-1 fusion-blog-archive fusion-blog-layout-medium fusion-blog-pagination fusion-blog-no-images\"><div class=\"fusion-posts-container fusion-posts-container-pagination\" data-pages=\"12\"><article id=\"blog-1-post-69863\" class=\"fusion-post-medium post-69863 post type-post status-publish format-standard hentry category-uncategorized\">\n<div class=\"fusion-post-content post-content\"><h2 class=\"blog-shortcode-post-title entry-title\"><a href=\"https:\/\/www.survivorjusticecenter.org\/es\/elbows-up-arms-crossed\/\">Codos arriba, brazos cruzados<\/a><\/h2><div class=\"fusion-post-content-container\"><p>Este art\u00edculo de opini\u00f3n se public\u00f3 originalmente en The Fulcrum el 6 de junio.<\/p><\/div><\/div><div class=\"fusion-clearfix\"><\/div><div class=\"fusion-meta-info\"><div class=\"fusion-alignleft\"><span class=\"vcard\" style=\"display: none;\"><span class=\"fn\"><a href=\"https:\/\/www.survivorjusticecenter.org\/es\/author\/zsalinger\/\" title=\"Entradas de Zoe Salinger\" rel=\"author\">Zoe Salinger<\/a><\/span><\/span><span class=\"updated\" style=\"display:none;\">2026-01-26T17:20:03+00:00<\/span><span>26 de enero de 2026<\/span><span class=\"fusion-inline-sep\">|<\/span><a href=\"https:\/\/www.survivorjusticecenter.org\/es\/category\/uncategorized\/\" rel=\"category tag\">Sin categorizar<\/a><span class=\"fusion-inline-sep\">|<\/span><\/div><div class=\"fusion-alignright\"><a class=\"fusion-read-more\" href=\"https:\/\/www.survivorjusticecenter.org\/es\/elbows-up-arms-crossed\/\" aria-label=\"M\u00e1s sobre codos arriba, brazos cruzados\">Leer m\u00e1s<\/a><\/div><\/div><\/article>\n<article id=\"blog-1-post-69460\" class=\"fusion-post-medium post-69460 post type-post status-publish format-standard hentry category-uncategorized\">\n<div class=\"fusion-post-content post-content\"><h2 class=\"blog-shortcode-post-title entry-title\"><a href=\"https:\/\/www.survivorjusticecenter.org\/es\/trump-wont-make-america-safe-again-by-minimizing-domestic-violence\/\">Trump no har\u00e1 que Estados Unidos vuelva a ser seguro minimizando la violencia dom\u00e9stica<\/a><\/h2><div class=\"fusion-post-content-container\"><p>Publicado originalmente por Common Dreams (el enlace se abre en una nueva ventana)<\/p><\/div><\/div><div class=\"fusion-clearfix\"><\/div><div class=\"fusion-meta-info\"><div class=\"fusion-alignleft\"><span class=\"vcard\" style=\"display: none;\"><span class=\"fn\"><a href=\"https:\/\/www.survivorjusticecenter.org\/es\/author\/zsalinger\/\" title=\"Entradas de Zoe Salinger\" rel=\"author\">Zoe Salinger<\/a><\/span><\/span><span class=\"updated\" style=\"display:none;\">17\/09\/2025 20:08:49<\/span><span>17 de septiembre de 2025<\/span><span class=\"fusion-inline-sep\">|<\/span><a href=\"https:\/\/www.survivorjusticecenter.org\/es\/category\/uncategorized\/\" rel=\"category tag\">Sin categorizar<\/a><span class=\"fusion-inline-sep\">|<\/span><\/div><div class=\"fusion-alignright\"><a class=\"fusion-read-more\" href=\"https:\/\/www.survivorjusticecenter.org\/es\/trump-wont-make-america-safe-again-by-minimizing-domestic-violence\/\" aria-label=\"M\u00e1s sobre Trump: Minimizar la violencia dom\u00e9stica no har\u00e1 que Estados Unidos vuelva a ser seguro\">Leer m\u00e1s<\/a><\/div><\/div><\/article>\n<article id=\"blog-1-post-69302\" class=\"fusion-post-medium post-69302 post type-post status-publish format-standard hentry category-uncategorized\">\n<div class=\"fusion-post-content post-content\"><h2 class=\"blog-shortcode-post-title entry-title\"><a href=\"https:\/\/www.survivorjusticecenter.org\/es\/hidden-barriers-keep-domestic-violence-survivors-trapped-legal-aid-provides-a-path-to-safety\/\">Las barreras ocultas mantienen atrapadas a las sobrevivientes de violencia dom\u00e9stica: la asistencia legal ofrece un camino hacia la seguridad<\/a><\/h2><div class=\"fusion-post-content-container\"><p>Publicado originalmente por Better Magazine (el enlace se abre en una nueva ventana)<\/p><\/div><\/div><div class=\"fusion-clearfix\"><\/div><div class=\"fusion-meta-info\"><div class=\"fusion-alignleft\"><span class=\"vcard\" style=\"display: none;\"><span class=\"fn\"><a href=\"https:\/\/www.survivorjusticecenter.org\/es\/author\/zsalinger\/\" title=\"Entradas de Zoe Salinger\" rel=\"author\">Zoe Salinger<\/a><\/span><\/span><span class=\"updated\" style=\"display:none;\">2025-12-20T03:48:10+00:00<\/span><span>27 de agosto de 2025<\/span><span class=\"fusion-inline-sep\">|<\/span><a href=\"https:\/\/www.survivorjusticecenter.org\/es\/category\/uncategorized\/\" rel=\"category tag\">Sin categorizar<\/a><span class=\"fusion-inline-sep\">|<\/span><\/div><div class=\"fusion-alignright\"><a class=\"fusion-read-more\" href=\"https:\/\/www.survivorjusticecenter.org\/es\/hidden-barriers-keep-domestic-violence-survivors-trapped-legal-aid-provides-a-path-to-safety\/\" aria-label=\"M\u00e1s sobre las barreras ocultas que mantienen atrapadas a las sobrevivientes de violencia dom\u00e9stica: la asistencia legal ofrece un camino hacia la seguridad\">Leer m\u00e1s<\/a><\/div><\/div><\/article>\n<article id=\"blog-1-post-69151\" class=\"fusion-post-medium post-69151 post type-post status-publish format-standard hentry category-uncategorized\">\n<div class=\"fusion-post-content post-content\"><h2 class=\"blog-shortcode-post-title entry-title\"><a href=\"https:\/\/www.survivorjusticecenter.org\/es\/the-time-a-young-ptsd-wracked-veteran-walked-into-her-backyard\/\">La vez que un joven veterano afectado por TEPT entr\u00f3 en su patio trasero<\/a><\/h2><div class=\"fusion-post-content-container\"><p>Publicado originalmente por Baptist News Global Estaba sentado en<\/p><\/div><\/div><div class=\"fusion-clearfix\"><\/div><div class=\"fusion-meta-info\"><div class=\"fusion-alignleft\"><span class=\"vcard\" style=\"display: none;\"><span class=\"fn\"><a href=\"https:\/\/www.survivorjusticecenter.org\/es\/author\/zsalinger\/\" title=\"Entradas de Zoe Salinger\" rel=\"author\">Zoe Salinger<\/a><\/span><\/span><span class=\"updated\" style=\"display:none;\">2025-08-25T17:15:21+00:00<\/span><span>25 de agosto de 2025<\/span><span class=\"fusion-inline-sep\">|<\/span><a href=\"https:\/\/www.survivorjusticecenter.org\/es\/category\/uncategorized\/\" rel=\"category tag\">Sin categorizar<\/a><span class=\"fusion-inline-sep\">|<\/span><\/div><div class=\"fusion-alignright\"><a class=\"fusion-read-more\" href=\"https:\/\/www.survivorjusticecenter.org\/es\/the-time-a-young-ptsd-wracked-veteran-walked-into-her-backyard\/\" aria-label=\"M\u00e1s sobre La vez que un joven veterano afectado por TEPT entr\u00f3 en su patio trasero\">Leer m\u00e1s<\/a><\/div><\/div><\/article>\n<article id=\"blog-1-post-68861\" class=\"fusion-post-medium post-68861 post type-post status-publish format-standard hentry category-staff\">\n<div class=\"fusion-post-content post-content\"><h2 class=\"blog-shortcode-post-title entry-title\"><a href=\"https:\/\/www.survivorjusticecenter.org\/es\/2025summerstorymix\/\">Mezcla de historias de verano de 2025<\/a><\/h2><div class=\"fusion-post-content-container\"><p> Este a\u00f1o, el Summer Story Mix de nuestro equipo explora temas<\/p><\/div><\/div><div class=\"fusion-clearfix\"><\/div><div class=\"fusion-meta-info\"><div class=\"fusion-alignleft\"><span class=\"vcard\" style=\"display: none;\"><span class=\"fn\"><a href=\"https:\/\/www.survivorjusticecenter.org\/es\/author\/zsalinger\/\" title=\"Entradas de Zoe Salinger\" rel=\"author\">Zoe Salinger<\/a><\/span><\/span><span class=\"updated\" style=\"display:none;\">2025-06-30T17:53:00+00:00<\/span><span>28 de junio de 2025<\/span><span class=\"fusion-inline-sep\">|<\/span><a href=\"https:\/\/www.survivorjusticecenter.org\/es\/category\/staff\/\" rel=\"category tag\">Personal<\/a><span class=\"fusion-inline-sep\">|<\/span><\/div><div class=\"fusion-alignright\"><a class=\"fusion-read-more\" href=\"https:\/\/www.survivorjusticecenter.org\/es\/2025summerstorymix\/\" aria-label=\"M\u00e1s sobre la mezcla de historias de verano de 2025\">Leer m\u00e1s<\/a><\/div><\/div><\/article>\n<article id=\"blog-1-post-68646\" class=\"fusion-post-medium post-68646 post type-post status-publish format-standard hentry category-in-the-news\">\n<div class=\"fusion-post-content post-content\"><h2 class=\"blog-shortcode-post-title entry-title\"><a href=\"https:\/\/www.survivorjusticecenter.org\/es\/in-the-news-may-2025\/\">En las noticias: mayo de 2025<\/a><\/h2><div class=\"fusion-post-content-container\"><p>En mayo, Survivor Justice Center apareci\u00f3 dos veces en el<\/p><\/div><\/div><div class=\"fusion-clearfix\"><\/div><div class=\"fusion-meta-info\"><div class=\"fusion-alignleft\"><span class=\"vcard\" style=\"display: none;\"><span class=\"fn\"><a href=\"https:\/\/www.survivorjusticecenter.org\/es\/author\/zsalinger\/\" title=\"Entradas de Zoe Salinger\" rel=\"author\">Zoe Salinger<\/a><\/span><\/span><span class=\"updated\" style=\"display:none;\">2025-07-03T20:19:36+00:00<\/span><span>30 de mayo de 2025<\/span><span class=\"fusion-inline-sep\">|<\/span><a href=\"https:\/\/www.survivorjusticecenter.org\/es\/category\/in-the-news\/\" rel=\"category tag\">Survivor Justice Center en las noticias<\/a><span class=\"fusion-inline-sep\">|<\/span><\/div><div class=\"fusion-alignright\"><a class=\"fusion-read-more\" href=\"https:\/\/www.survivorjusticecenter.org\/es\/in-the-news-may-2025\/\" aria-label=\"M\u00e1s sobre En las noticias: mayo de 2025\">Leer m\u00e1s<\/a><\/div><\/div><\/article>\n<article id=\"blog-1-post-67810\" class=\"fusion-post-medium post-67810 post type-post status-publish format-standard hentry category-uncategorized\">\n<div class=\"fusion-post-content post-content\"><h2 class=\"blog-shortcode-post-title entry-title\"><a href=\"https:\/\/www.survivorjusticecenter.org\/es\/our-new-logo\/\">Nuestro nuevo logotipo<\/a><\/h2><div class=\"fusion-post-content-container\"><p>Estamos emocionados de compartir con ustedes el nuevo logotipo.<\/p><\/div><\/div><div class=\"fusion-clearfix\"><\/div><div class=\"fusion-meta-info\"><div class=\"fusion-alignleft\"><span class=\"vcard\" style=\"display: none;\"><span class=\"fn\"><a href=\"https:\/\/www.survivorjusticecenter.org\/es\/author\/marissa\/\" title=\"entradas de marissa\" rel=\"author\">Marissa<\/a><\/span><\/span><span class=\"updated\" style=\"display:none;\">5 de febrero de 2025 a las 04:19:15<\/span><span>5 de febrero de 2025<\/span><span class=\"fusion-inline-sep\">|<\/span><a href=\"https:\/\/www.survivorjusticecenter.org\/es\/category\/uncategorized\/\" rel=\"category tag\">Sin categorizar<\/a><span class=\"fusion-inline-sep\">|<\/span><\/div><div class=\"fusion-alignright\"><a class=\"fusion-read-more\" href=\"https:\/\/www.survivorjusticecenter.org\/es\/our-new-logo\/\" aria-label=\"M\u00e1s sobre nuestro nuevo logotipo\">Leer m\u00e1s<\/a><\/div><\/div><\/article>\n<article id=\"blog-1-post-67818\" class=\"fusion-post-medium post-67818 post type-post status-publish format-standard hentry category-updates\">\n<div class=\"fusion-post-content post-content\"><h2 class=\"blog-shortcode-post-title entry-title\"><a href=\"https:\/\/www.survivorjusticecenter.org\/es\/january-2025-newsletter\/\">Bolet\u00edn informativo de enero de 2025<\/a><\/h2><div class=\"fusion-post-content-container\"><p> Ante la tremenda adversidad, Alexa* nunca perdi\u00f3<\/p><\/div><\/div><div class=\"fusion-clearfix\"><\/div><div class=\"fusion-meta-info\"><div class=\"fusion-alignleft\"><span class=\"vcard\" style=\"display: none;\"><span class=\"fn\"><a href=\"https:\/\/www.survivorjusticecenter.org\/es\/author\/monique\/\" title=\"Entradas de Monique Arias\" rel=\"author\">Monique Arias<\/a><\/span><\/span><span class=\"updated\" style=\"display:none;\">5 de febrero de 2025 a las 18:00:09 +00:00<\/span><span>30 de enero de 2025<\/span><span class=\"fusion-inline-sep\">|<\/span><a href=\"https:\/\/www.survivorjusticecenter.org\/es\/category\/updates\/\" rel=\"category tag\">Actualizaciones<\/a><span class=\"fusion-inline-sep\">|<\/span><\/div><div class=\"fusion-alignright\"><a class=\"fusion-read-more\" href=\"https:\/\/www.survivorjusticecenter.org\/es\/january-2025-newsletter\/\" aria-label=\"M\u00e1s informaci\u00f3n en el bolet\u00edn de enero de 2025\">Leer m\u00e1s<\/a><\/div><\/div><\/article>\n<article id=\"blog-1-post-67696\" class=\"fusion-post-medium post-67696 post type-post status-publish format-standard hentry category-updates\">\n<div class=\"fusion-post-content post-content\"><h2 class=\"blog-shortcode-post-title entry-title\"><a href=\"https:\/\/www.survivorjusticecenter.org\/es\/happy-holidays-from-the-survivor-justice-center-team\/\">\u00a1Felices fiestas de parte del equipo del Survivor Justice Center!<\/a><\/h2><div class=\"fusion-post-content-container\"><p>   <\/p><\/div><\/div><div class=\"fusion-clearfix\"><\/div><div class=\"fusion-meta-info\"><div class=\"fusion-alignleft\"><span class=\"vcard\" style=\"display: none;\"><span class=\"fn\"><a href=\"https:\/\/www.survivorjusticecenter.org\/es\/author\/monique\/\" title=\"Entradas de Monique Arias\" rel=\"author\">Monique Arias<\/a><\/span><\/span><span class=\"updated\" style=\"display:none;\">2026-02-24T03:50:46+00:00<\/span><span>19 de diciembre de 2024<\/span><span class=\"fusion-inline-sep\">|<\/span><a href=\"https:\/\/www.survivorjusticecenter.org\/es\/category\/updates\/\" rel=\"category tag\">Actualizaciones<\/a><span class=\"fusion-inline-sep\">|<\/span><\/div><div class=\"fusion-alignright\"><a class=\"fusion-read-more\" href=\"https:\/\/www.survivorjusticecenter.org\/es\/happy-holidays-from-the-survivor-justice-center-team\/\" aria-label=\"\u00a1M\u00e1s sobre Felices Fiestas del Equipo del Survivor Justice Center!\">Leer m\u00e1s<\/a><\/div><\/div><\/article>\n<article id=\"blog-1-post-67690\" class=\"fusion-post-medium post-67690 post type-post status-publish format-standard hentry category-updates\">\n<div class=\"fusion-post-content post-content\"><h2 class=\"blog-shortcode-post-title entry-title\"><a href=\"https:\/\/www.survivorjusticecenter.org\/es\/november-2024-newsletter-2\/\">Recordando a nuestro fundador, Robert H. P\u00e9rez (1936-2024)<\/a><\/h2><div class=\"fusion-post-content-container\"><p> Recordando a nuestro fundador Robert H. P\u00e9rez (1936-2024)  <\/p><\/div><\/div><div class=\"fusion-clearfix\"><\/div><div class=\"fusion-meta-info\"><div class=\"fusion-alignleft\"><span class=\"vcard\" style=\"display: none;\"><span class=\"fn\"><a href=\"https:\/\/www.survivorjusticecenter.org\/es\/author\/monique\/\" title=\"Entradas de Monique Arias\" rel=\"author\">Monique Arias<\/a><\/span><\/span><span class=\"updated\" style=\"display:none;\">13-01-2025 21:51:18 +00:00<\/span><span>12 de diciembre de 2024<\/span><span class=\"fusion-inline-sep\">|<\/span><a href=\"https:\/\/www.survivorjusticecenter.org\/es\/category\/updates\/\" rel=\"category tag\">Actualizaciones<\/a><span class=\"fusion-inline-sep\">|<\/span><\/div><div class=\"fusion-alignright\"><a class=\"fusion-read-more\" href=\"https:\/\/www.survivorjusticecenter.org\/es\/november-2024-newsletter-2\/\" aria-label=\"M\u00e1s sobre nuestro fundador, Robert H. P\u00e9rez (1936-2024)\">Leer m\u00e1s<\/a><\/div><\/div><\/article>\n<article id=\"blog-1-post-67680\" class=\"fusion-post-medium post-67680 post type-post status-publish format-standard hentry category-updates\">\n<div class=\"fusion-post-content post-content\"><h2 class=\"blog-shortcode-post-title entry-title\"><a href=\"https:\/\/www.survivorjusticecenter.org\/es\/november-2024-newsletter\/\">Bolet\u00edn informativo de noviembre de 2024<\/a><\/h2><div class=\"fusion-post-content-container\"><p> Cuando Jasmine* busc\u00f3 ayuda del Centro en 2016,<\/p><\/div><\/div><div class=\"fusion-clearfix\"><\/div><div class=\"fusion-meta-info\"><div class=\"fusion-alignleft\"><span class=\"vcard\" style=\"display: none;\"><span class=\"fn\"><a href=\"https:\/\/www.survivorjusticecenter.org\/es\/author\/monique\/\" title=\"Entradas de Monique Arias\" rel=\"author\">Monique Arias<\/a><\/span><\/span><span class=\"updated\" style=\"display:none;\">13-01-2025 21:35:09 +00:00<\/span><span>27 de noviembre de 2024<\/span><span class=\"fusion-inline-sep\">|<\/span><a href=\"https:\/\/www.survivorjusticecenter.org\/es\/category\/updates\/\" rel=\"category tag\">Actualizaciones<\/a><span class=\"fusion-inline-sep\">|<\/span><\/div><div class=\"fusion-alignright\"><a class=\"fusion-read-more\" href=\"https:\/\/www.survivorjusticecenter.org\/es\/november-2024-newsletter\/\" aria-label=\"M\u00e1s informaci\u00f3n en el bolet\u00edn de noviembre de 2024\">Leer m\u00e1s<\/a><\/div><\/div><\/article>\n<article id=\"blog-1-post-67672\" class=\"fusion-post-medium post-67672 post type-post status-publish format-standard hentry category-events\">\n<div class=\"fusion-post-content post-content\"><h2 class=\"blog-shortcode-post-title entry-title\"><a href=\"https:\/\/www.survivorjusticecenter.org\/es\/domestic-violence-awareness-month\/\">Mes de concientizaci\u00f3n sobre la violencia dom\u00e9stica<\/a><\/h2><div class=\"fusion-post-content-container\"><p> Este Mes de Concientizaci\u00f3n sobre la Violencia Dom\u00e9stica mostr\u00f3 el incre\u00edble poder<\/p><\/div><\/div><div class=\"fusion-clearfix\"><\/div><div class=\"fusion-meta-info\"><div class=\"fusion-alignleft\"><span class=\"vcard\" style=\"display: none;\"><span class=\"fn\"><a href=\"https:\/\/www.survivorjusticecenter.org\/es\/author\/monique\/\" title=\"Entradas de Monique Arias\" rel=\"author\">Monique Arias<\/a><\/span><\/span><span class=\"updated\" style=\"display:none;\">13-01-2025 20:59:25 +00:00<\/span><span>21 de noviembre de 2024<\/span><span class=\"fusion-inline-sep\">|<\/span><a href=\"https:\/\/www.survivorjusticecenter.org\/es\/category\/events\/\" rel=\"category tag\">Eventos<\/a><span class=\"fusion-inline-sep\">|<\/span><\/div><div class=\"fusion-alignright\"><a class=\"fusion-read-more\" href=\"https:\/\/www.survivorjusticecenter.org\/es\/domestic-violence-awareness-month\/\" aria-label=\"M\u00e1s sobre el Mes de Concientizaci\u00f3n sobre la Violencia Dom\u00e9stica\">Leer m\u00e1s<\/a><\/div><\/div><\/article>\n<article id=\"blog-1-post-67669\" class=\"fusion-post-medium post-67669 post type-post status-publish format-standard hentry category-uncategorized category-updates\">\n<div class=\"fusion-post-content post-content\"><h2 class=\"blog-shortcode-post-title entry-title\"><a href=\"https:\/\/www.survivorjusticecenter.org\/es\/strengthening-our-support-for-immigrant-survivors\/\">Fortaleciendo nuestro apoyo a los sobrevivientes inmigrantes<\/a><\/h2><div class=\"fusion-post-content-container\"><p> Como muchos de vosotros, me despert\u00e9 esta ma\u00f1ana<\/p><\/div><\/div><div class=\"fusion-clearfix\"><\/div><div class=\"fusion-meta-info\"><div class=\"fusion-alignleft\"><span class=\"vcard\" style=\"display: none;\"><span class=\"fn\"><a href=\"https:\/\/www.survivorjusticecenter.org\/es\/author\/monique\/\" title=\"Entradas de Monique Arias\" rel=\"author\">Monique Arias<\/a><\/span><\/span><span class=\"updated\" style=\"display:none;\">15\/09\/2025 04:07:58<\/span><span>7 de noviembre de 2024<\/span><span class=\"fusion-inline-sep\">|<\/span><a href=\"https:\/\/www.survivorjusticecenter.org\/es\/category\/uncategorized\/\" rel=\"category tag\">Sin categorizar<\/a>, <a href=\"https:\/\/www.survivorjusticecenter.org\/es\/category\/updates\/\" rel=\"category tag\">Actualizaciones<\/a><span class=\"fusion-inline-sep\">|<\/span><\/div><div class=\"fusion-alignright\"><a class=\"fusion-read-more\" href=\"https:\/\/www.survivorjusticecenter.org\/es\/strengthening-our-support-for-immigrant-survivors\/\" aria-label=\"M\u00e1s sobre c\u00f3mo fortalecer nuestro apoyo a los sobrevivientes inmigrantes\">Leer m\u00e1s<\/a><\/div><\/div><\/article>\n<article id=\"blog-1-post-67392\" class=\"fusion-post-medium post-67392 post type-post status-publish format-standard hentry category-events\">\n<div class=\"fusion-post-content post-content\"><h2 class=\"blog-shortcode-post-title entry-title\"><a href=\"https:\/\/www.survivorjusticecenter.org\/es\/1st-annual-purple-thursday-celebration\/\">\u00a1Primera celebraci\u00f3n anual del Jueves P\u00farpura!<\/a><\/h2><div class=\"fusion-post-content-container\"><p>  El 17 de octubre de 2024 nos reunimos para<\/p><\/div><\/div><div class=\"fusion-clearfix\"><\/div><div class=\"fusion-meta-info\"><div class=\"fusion-alignleft\"><span class=\"vcard\" style=\"display: none;\"><span class=\"fn\"><a href=\"https:\/\/www.survivorjusticecenter.org\/es\/author\/marissa\/\" title=\"entradas de marissa\" rel=\"author\">Marissa<\/a><\/span><\/span><span class=\"updated\" style=\"display:none;\">18\/10\/2024 22:05:12 +00:00<\/span><span>18 de octubre de 2024<\/span><span class=\"fusion-inline-sep\">|<\/span><a href=\"https:\/\/www.survivorjusticecenter.org\/es\/category\/events\/\" rel=\"category tag\">Eventos<\/a><span class=\"fusion-inline-sep\">|<\/span><\/div><div class=\"fusion-alignright\"><a class=\"fusion-read-more\" href=\"https:\/\/www.survivorjusticecenter.org\/es\/1st-annual-purple-thursday-celebration\/\" aria-label=\"\u00a1M\u00e1s informaci\u00f3n sobre la 1.\u00aa celebraci\u00f3n anual del Jueves P\u00farpura!\">Leer m\u00e1s<\/a><\/div><\/div><\/article>\n<\/div><div class=\"pagination clearfix\"><span class=\"current\">1<\/span><a href=\"https:\/\/www.survivorjusticecenter.org\/es\/wp-json\/wp\/v2\/pages\/57600\/page\/2\/\" class=\"inactive\">2<\/a><a class=\"pagination-next\" rel=\"next\" href=\"https:\/\/www.survivorjusticecenter.org\/es\/wp-json\/wp\/v2\/pages\/57600\/page\/2\/\"><span class=\"page-text\">Pr\u00f3ximo<\/span><span class=\"page-next\"><\/span><\/a><\/div><div class=\"fusion-clearfix\"><\/div><\/div><\/div><style type=\"text\/css\">.fusion-body .fusion-builder-column-0{width:100% !important;margin-top : 0px;margin-bottom : 20px;}.fusion-builder-column-0 > .fusion-column-wrapper {padding-top : 0px !important;padding-right : 0px !important;margin-right : 1.92%;padding-bottom : 0px !important;padding-left : 0px !important;margin-left : 1.92%;}@media only screen and (max-width:1024px) {.fusion-body .fusion-builder-column-0{width:100% !important;order : 0;}.fusion-builder-column-0 > .fusion-column-wrapper {margin-right : 1.92%;margin-left : 1.92%;}}@media only screen and (max-width:640px) {.fusion-body .fusion-builder-column-0{width:100% !important;order : 0;}.fusion-builder-column-0 > .fusion-column-wrapper {margin-right : 1.92%;margin-left : 1.92%;}}<\/style><\/div><\/div><style type=\"text\/css\">.fusion-body .fusion-flex-container.fusion-builder-row-1{ padding-top : 0px;margin-top : 0px;padding-right : 0px;padding-bottom : 0px;margin-bottom : 0px;padding-left : 0px;}<\/style><\/div>","protected":false},"excerpt":{"rendered":"","protected":false},"author":1,"featured_media":0,"parent":0,"menu_order":0,"comment_status":"closed","ping_status":"closed","template":"100-width.php","meta":{"footnotes":""},"class_list":["post-57600","page","type-page","status-publish","hentry"],"aioseo_notices":[],"jetpack_sharing_enabled":true,"_links":{"self":[{"href":"https:\/\/www.survivorjusticecenter.org\/es\/wp-json\/wp\/v2\/pages\/57600","targetHints":{"allow":["GET"]}}],"collection":[{"href":"https:\/\/www.survivorjusticecenter.org\/es\/wp-json\/wp\/v2\/pages"}],"about":[{"href":"https:\/\/www.survivorjusticecenter.org\/es\/wp-json\/wp\/v2\/types\/page"}],"author":[{"embeddable":true,"href":"https:\/\/www.survivorjusticecenter.org\/es\/wp-json\/wp\/v2\/users\/1"}],"replies":[{"embeddable":true,"href":"https:\/\/www.survivorjusticecenter.org\/es\/wp-json\/wp\/v2\/comments?post=57600"}],"version-history":[{"count":5,"href":"https:\/\/www.survivorjusticecenter.org\/es\/wp-json\/wp\/v2\/pages\/57600\/revisions"}],"predecessor-version":[{"id":57957,"href":"https:\/\/www.survivorjusticecenter.org\/es\/wp-json\/wp\/v2\/pages\/57600\/revisions\/57957"}],"wp:attachment":[{"href":"https:\/\/www.survivorjusticecenter.org\/es\/wp-json\/wp\/v2\/media?parent=57600"}],"curies":[{"name":"gracias","href":"https:\/\/api.w.org\/{rel}","templated":true}]}}